{"id":5330,"date":"2026-04-03T13:43:42","date_gmt":"2026-04-03T12:43:42","guid":{"rendered":"http:\/\/www.yespara.tn\/?post_type=product&#038;p=5330"},"modified":"2026-04-03T13:43:45","modified_gmt":"2026-04-03T12:43:45","slug":"phyteal-vitamine-c-coffret-serum-ecran-mousse-et-creme-gratuites","status":"publish","type":"product","link":"http:\/\/www.yespara.tn\/?product=phyteal-vitamine-c-coffret-serum-ecran-mousse-et-creme-gratuites","title":{"rendered":"PHYTEAL VITAMINE C COFFRET SERUM + ECRAN + MOUSSE ET CREME GRATUITES"},"content":{"rendered":"<p>PHYTEAL VITAMINE C COFFRET SERUM + ECRAN + MOUSSE ET CREME GRATUITES<\/p>\n<p>Ce coffret est une offre avantageuse et intelligente pour qui souhaite int\u00e9grer la vitamine C dans sa routine. Il offre tous les produits cl\u00e9s pour une utilisation efficace et s\u00e9curis\u00e9e. C&rsquo;est un excellent moyen de d\u00e9couvrir la gamme de mani\u00e8re compl\u00e8te. Il se compose de :<\/p>\n<p>&nbsp;<\/p>\n<p>&nbsp;<\/p>\n<p>&nbsp;<\/p>\n<p>PHYTEAL VITAMINE C SERUM VISAGE 30ML : PHYTEAL VITAMINE C SERUM VISAGE, con\u00e7u pour les teints ternes, les rides et les taches pigmentaires, est un soin concentr\u00e9 \u00e0 haute efficacit\u00e9 destin\u00e9 \u00e0 unifier, lisser et illuminer visiblement la peau. Il agit en profondeur pour raviver l\u2019\u00e9clat du teint, am\u00e9liorer la qualit\u00e9 de la peau et pr\u00e9venir les signes visibles du vieillissement cutan\u00e9. Ce s\u00e9rum phytocosm\u00e9tique associe des actifs rigoureusement s\u00e9lectionn\u00e9s pour leur action cibl\u00e9e, leur synergie et leur excellente tol\u00e9rance cutan\u00e9e, offrant une r\u00e9ponse compl\u00e8te aux besoins des peaux en manque d\u2019\u00e9clat et de vitalit\u00e9.<\/p>\n<p>PHYTEAL VITAMINE C ECRAN INVISIBLE MINERAL SPF50+ 50ML : PHYTEAL VITAMINE C ECRAN INVISIBLE MINERAL SPF50+, con\u00e7u pour prot\u00e9ger la peau des effets nocifs du rayonnement solaire, offre une tr\u00e8s haute protection min\u00e9rale contre les UVA et UVB, responsables du vieillissement pr\u00e9matur\u00e9, des taches pigmentaires et de la perte d\u2019\u00e9clat du teint. Il aide \u00e0 pr\u00e9server l\u2019uniformit\u00e9, la luminosit\u00e9 et la jeunesse de la peau tout en assurant un fini invisible et confortable.<\/p>\n<p>PHYTEAL VITAMINE C CREME VISAGE 50ML OFFERTE : PHYTEAL VITAMINE C CREME VISAGE, con\u00e7ue pour les teints ternes, les rides et les taches pigmentaires, est un soin complet destin\u00e9 \u00e0 unifier, lisser et illuminer visiblement la peau. Elle redonne \u00e9clat et vitalit\u00e9 au visage tout en contribuant \u00e0 pr\u00e9venir les signes du vieillissement cutan\u00e9.<\/p>\n<p>PHYTEAL VITAMINE C MOUSSE NETTOYANTE 200ML OFFERTE : PHYTEAL VITAMINE C MOUSSE NETTOYANTE, con\u00e7ue pour les teints ternes, les rides et les taches pigmentaires, est un soin d\u2019hygi\u00e8ne quotidienne qui nettoie la peau en douceur tout en contribuant \u00e0 unifier, lisser et illuminer visiblement le teint. Elle \u00e9limine efficacement les impuret\u00e9s, l\u2019exc\u00e8s de s\u00e9bum et les r\u00e9sidus de pollution, tout en respectant l\u2019\u00e9quilibre physiologique de la peau. Elle redonne fra\u00eecheur, \u00e9clat et vitalit\u00e9 au visage, pr\u00e9parant id\u00e9alement la peau \u00e0 recevoir les soins compl\u00e9mentaires de la gamme Vitamine C.<\/p>\n","protected":false},"excerpt":{"rendered":"<p>PHYTEAL VITAMINE C COFFRET SERUM + ECRAN + MOUSSE ET CREME GRATUITES Ce coffret est une offre avantageuse et intelligente pour qui souhaite int\u00e9grer la vitamine C dans sa routine. Il offre tous les produits cl\u00e9s pour une utilisation efficace et s\u00e9curis\u00e9e. C&rsquo;est un excellent moyen de d\u00e9couvrir la gamme de mani\u00e8re compl\u00e8te. Il se [&hellip;]<\/p>\n","protected":false},"featured_media":5331,"comment_status":"open","ping_status":"closed","template":"","meta":[],"product_brand":[3409],"product_cat":[1630,2596,1656,1485],"product_tag":[],"class_list":{"0":"post-5330","1":"product","2":"type-product","3":"status-publish","4":"has-post-thumbnail","6":"product_brand-phyteal","7":"product_cat-ecrans-solaires-tunisie-ecran-pour-visage","8":"product_cat-mousse","9":"product_cat-promotions-ecrans-solaires-tunisie-ecran-pour-visage","10":"product_cat-soins-visage-en-tunisie-soin-anti-rides-et-anti-age-soin-anti-age-2","12":"first","13":"instock","14":"sale","15":"taxable","16":"shipping-taxable","17":"purchasable","18":"product-type-simple"},"_links":{"self":[{"href":"http:\/\/www.yespara.tn\/index.php?rest_route=\/wp\/v2\/product\/5330","targetHints":{"allow":["GET"]}}],"collection":[{"href":"http:\/\/www.yespara.tn\/index.php?rest_route=\/wp\/v2\/product"}],"about":[{"href":"http:\/\/www.yespara.tn\/index.php?rest_route=\/wp\/v2\/types\/product"}],"replies":[{"embeddable":true,"href":"http:\/\/www.yespara.tn\/index.php?rest_route=%2Fwp%2Fv2%2Fcomments&post=5330"}],"wp:featuredmedia":[{"embeddable":true,"href":"http:\/\/www.yespara.tn\/index.php?rest_route=\/wp\/v2\/media\/5331"}],"wp:attachment":[{"href":"http:\/\/www.yespara.tn\/index.php?rest_route=%2Fwp%2Fv2%2Fmedia&parent=5330"}],"wp:term":[{"taxonomy":"product_brand","embeddable":true,"href":"http:\/\/www.yespara.tn\/index.php?rest_route=%2Fwp%2Fv2%2Fproduct_brand&post=5330"},{"taxonomy":"product_cat","embeddable":true,"href":"http:\/\/www.yespara.tn\/index.php?rest_route=%2Fwp%2Fv2%2Fproduct_cat&post=5330"},{"taxonomy":"product_tag","embeddable":true,"href":"http:\/\/www.yespara.tn\/index.php?rest_route=%2Fwp%2Fv2%2Fproduct_tag&post=5330"}],"curies":[{"name":"wp","href":"https:\/\/api.w.org\/{rel}","templated":true}]}}