{"id":5322,"date":"2026-03-14T14:26:26","date_gmt":"2026-03-14T13:26:26","guid":{"rendered":"http:\/\/www.yespara.tn\/?post_type=product&#038;p=5322"},"modified":"2026-03-14T14:26:26","modified_gmt":"2026-03-14T13:26:26","slug":"svr-clairial-creme-spf50-tres-haute-protection-anti-taches-40ml","status":"publish","type":"product","link":"http:\/\/www.yespara.tn\/?product=svr-clairial-creme-spf50-tres-haute-protection-anti-taches-40ml","title":{"rendered":"SVR Clairial cr\u00e8me spf50+ tr\u00e8s haute protection anti t\u00e2ches 40ml"},"content":{"rendered":"<p>SVR Clairial est une cr\u00e8me tr\u00e8s haute protection solaire capable de r\u00e9duire efficacement les t\u00e2ches brunes pr\u00e9sentes sur un peu partout sur le corps.<\/p>\n<p>En effet, vous pouvez utiliser cette cr\u00e8me sur le visage, le cou, le d\u00e9collet\u00e9, les mains et les avant-bras.<\/p>\n<p>Ce qui accentue l&rsquo;efficacit\u00e9 de cette cr\u00e8me c&rsquo;est qu&rsquo;elle comprend un v\u00e9ritable soin d\u00e9pigmentant qui facilite l&rsquo;\u00e9limination des t\u00e2ches brunes.<\/p>\n","protected":false},"excerpt":{"rendered":"<p>SVR Clairial est une cr\u00e8me tr\u00e8s haute protection solaire capable de r\u00e9duire efficacement les t\u00e2ches brunes pr\u00e9sentes sur un peu partout sur le corps. En effet, vous pouvez utiliser cette cr\u00e8me sur le visage, le cou, le d\u00e9collet\u00e9, les mains et les avant-bras. Ce qui accentue l&rsquo;efficacit\u00e9 de cette cr\u00e8me c&rsquo;est qu&rsquo;elle comprend un v\u00e9ritable [&hellip;]<\/p>\n","protected":false},"featured_media":5323,"comment_status":"open","ping_status":"closed","template":"","meta":[],"product_brand":[],"product_cat":[15],"product_tag":[],"class_list":{"0":"post-5322","1":"product","2":"type-product","3":"status-publish","4":"has-post-thumbnail","6":"product_cat-uncategorized","8":"first","9":"instock","10":"sale","11":"taxable","12":"shipping-taxable","13":"purchasable","14":"product-type-simple"},"_links":{"self":[{"href":"http:\/\/www.yespara.tn\/index.php?rest_route=\/wp\/v2\/product\/5322","targetHints":{"allow":["GET"]}}],"collection":[{"href":"http:\/\/www.yespara.tn\/index.php?rest_route=\/wp\/v2\/product"}],"about":[{"href":"http:\/\/www.yespara.tn\/index.php?rest_route=\/wp\/v2\/types\/product"}],"replies":[{"embeddable":true,"href":"http:\/\/www.yespara.tn\/index.php?rest_route=%2Fwp%2Fv2%2Fcomments&post=5322"}],"wp:featuredmedia":[{"embeddable":true,"href":"http:\/\/www.yespara.tn\/index.php?rest_route=\/wp\/v2\/media\/5323"}],"wp:attachment":[{"href":"http:\/\/www.yespara.tn\/index.php?rest_route=%2Fwp%2Fv2%2Fmedia&parent=5322"}],"wp:term":[{"taxonomy":"product_brand","embeddable":true,"href":"http:\/\/www.yespara.tn\/index.php?rest_route=%2Fwp%2Fv2%2Fproduct_brand&post=5322"},{"taxonomy":"product_cat","embeddable":true,"href":"http:\/\/www.yespara.tn\/index.php?rest_route=%2Fwp%2Fv2%2Fproduct_cat&post=5322"},{"taxonomy":"product_tag","embeddable":true,"href":"http:\/\/www.yespara.tn\/index.php?rest_route=%2Fwp%2Fv2%2Fproduct_tag&post=5322"}],"curies":[{"name":"wp","href":"https:\/\/api.w.org\/{rel}","templated":true}]}}