{"id":5316,"date":"2026-03-14T14:21:24","date_gmt":"2026-03-14T13:21:24","guid":{"rendered":"http:\/\/www.yespara.tn\/?post_type=product&#038;p=5316"},"modified":"2026-03-14T14:21:25","modified_gmt":"2026-03-14T13:21:25","slug":"filorga-uv-defence-ecran-solaire-urbain-jeunesse-taches-spf50-40ml","status":"publish","type":"product","link":"http:\/\/www.yespara.tn\/?product=filorga-uv-defence-ecran-solaire-urbain-jeunesse-taches-spf50-40ml","title":{"rendered":"Filorga UV Defence \u00c9cran Solaire urbain &#8211; jeunesse + t\u00e2ches &#8211; spf50+ &#8211; 40ml"},"content":{"rendered":"<div id=\"product-description-short-4040\" class=\"hit_description_short\">\n<p>UV-Defence, la cr\u00e8me solaire anti-\u00e2ge, anti-t\u00e2ches visage \u00e0 base de vitamine E et d\u2019acide hyaluronique pour une peau prot\u00e9g\u00e9e et unifi\u00e9e.<\/p>\n<p>Convient aux peaux sensibles !<\/p>\n<p>DLC : 12 mois apr\u00e8s ouverture du produit<\/p>\n<\/div>\n<div class=\"product-prices\">\n<div class=\"product-price h5 has-discount\"><\/div>\n<\/div>\n","protected":false},"excerpt":{"rendered":"<p>UV-Defence, la cr\u00e8me solaire anti-\u00e2ge, anti-t\u00e2ches visage \u00e0 base de vitamine E et d\u2019acide hyaluronique pour une peau prot\u00e9g\u00e9e et unifi\u00e9e. Convient aux peaux sensibles ! DLC : 12 mois apr\u00e8s ouverture du produit<\/p>\n","protected":false},"featured_media":5317,"comment_status":"open","ping_status":"closed","template":"","meta":[],"product_brand":[],"product_cat":[15],"product_tag":[],"class_list":{"0":"post-5316","1":"product","2":"type-product","3":"status-publish","4":"has-post-thumbnail","6":"product_cat-uncategorized","8":"first","9":"instock","10":"sale","11":"taxable","12":"shipping-taxable","13":"purchasable","14":"product-type-simple"},"_links":{"self":[{"href":"http:\/\/www.yespara.tn\/index.php?rest_route=\/wp\/v2\/product\/5316","targetHints":{"allow":["GET"]}}],"collection":[{"href":"http:\/\/www.yespara.tn\/index.php?rest_route=\/wp\/v2\/product"}],"about":[{"href":"http:\/\/www.yespara.tn\/index.php?rest_route=\/wp\/v2\/types\/product"}],"replies":[{"embeddable":true,"href":"http:\/\/www.yespara.tn\/index.php?rest_route=%2Fwp%2Fv2%2Fcomments&post=5316"}],"wp:featuredmedia":[{"embeddable":true,"href":"http:\/\/www.yespara.tn\/index.php?rest_route=\/wp\/v2\/media\/5317"}],"wp:attachment":[{"href":"http:\/\/www.yespara.tn\/index.php?rest_route=%2Fwp%2Fv2%2Fmedia&parent=5316"}],"wp:term":[{"taxonomy":"product_brand","embeddable":true,"href":"http:\/\/www.yespara.tn\/index.php?rest_route=%2Fwp%2Fv2%2Fproduct_brand&post=5316"},{"taxonomy":"product_cat","embeddable":true,"href":"http:\/\/www.yespara.tn\/index.php?rest_route=%2Fwp%2Fv2%2Fproduct_cat&post=5316"},{"taxonomy":"product_tag","embeddable":true,"href":"http:\/\/www.yespara.tn\/index.php?rest_route=%2Fwp%2Fv2%2Fproduct_tag&post=5316"}],"curies":[{"name":"wp","href":"https:\/\/api.w.org\/{rel}","templated":true}]}}