{"id":5254,"date":"2026-03-01T01:06:49","date_gmt":"2026-03-01T00:06:49","guid":{"rendered":"http:\/\/198.46.190.232\/mypara\/?product=avene-creme-solaire-tres-haute-protection-spf50-50-ml-2"},"modified":"2026-03-04T14:30:49","modified_gmt":"2026-03-04T13:30:49","slug":"avene-creme-solaire-tres-haute-protection-spf50-50-ml-2","status":"publish","type":"product","link":"http:\/\/www.yespara.tn\/?product=avene-creme-solaire-tres-haute-protection-spf50-50-ml-2","title":{"rendered":"Avene Cr\u00e8me Solaire Tr\u00e8s Haute Protection Spf50+ 50 Ml"},"content":{"rendered":"","protected":false},"excerpt":{"rendered":"<p>Une tr\u00e8s haute protection solaire SPF50+ pour la peau s\u00e8che et sensible du visage int\u00e9grant TriAsorB\u2122, filtre solaire brevet\u00e9 qui prot\u00e8ge des UV et de la lumi\u00e8re bleue jusqu\u2019\u00e0 450nm. Sa formule est \u00e9galement r\u00e9sistante \u00e0 l\u2019eau<\/p>\n","protected":false},"featured_media":4449,"comment_status":"open","ping_status":"closed","template":"","meta":[],"product_brand":[],"product_cat":[3257],"product_tag":[],"class_list":{"0":"post-5254","1":"product","2":"type-product","3":"status-publish","4":"has-post-thumbnail","6":"product_cat-avene-soins-visage-soins-solaires-2","8":"first","9":"instock","10":"sale","11":"taxable","12":"shipping-taxable","13":"purchasable","14":"product-type-simple"},"_links":{"self":[{"href":"http:\/\/www.yespara.tn\/index.php?rest_route=\/wp\/v2\/product\/5254","targetHints":{"allow":["GET"]}}],"collection":[{"href":"http:\/\/www.yespara.tn\/index.php?rest_route=\/wp\/v2\/product"}],"about":[{"href":"http:\/\/www.yespara.tn\/index.php?rest_route=\/wp\/v2\/types\/product"}],"replies":[{"embeddable":true,"href":"http:\/\/www.yespara.tn\/index.php?rest_route=%2Fwp%2Fv2%2Fcomments&post=5254"}],"wp:featuredmedia":[{"embeddable":true,"href":"http:\/\/www.yespara.tn\/index.php?rest_route=\/wp\/v2\/media\/4449"}],"wp:attachment":[{"href":"http:\/\/www.yespara.tn\/index.php?rest_route=%2Fwp%2Fv2%2Fmedia&parent=5254"}],"wp:term":[{"taxonomy":"product_brand","embeddable":true,"href":"http:\/\/www.yespara.tn\/index.php?rest_route=%2Fwp%2Fv2%2Fproduct_brand&post=5254"},{"taxonomy":"product_cat","embeddable":true,"href":"http:\/\/www.yespara.tn\/index.php?rest_route=%2Fwp%2Fv2%2Fproduct_cat&post=5254"},{"taxonomy":"product_tag","embeddable":true,"href":"http:\/\/www.yespara.tn\/index.php?rest_route=%2Fwp%2Fv2%2Fproduct_tag&post=5254"}],"curies":[{"name":"wp","href":"https:\/\/api.w.org\/{rel}","templated":true}]}}