{"id":5253,"date":"2026-03-01T01:06:49","date_gmt":"2026-03-01T00:06:49","guid":{"rendered":"http:\/\/198.46.190.232\/mypara\/?product=avene-intense-protect-fluide-ultra-resistant-a-leau-spf50-150ml"},"modified":"2026-03-04T12:42:02","modified_gmt":"2026-03-04T11:42:02","slug":"avene-intense-protect-fluide-ultra-resistant-a-leau-spf50-150ml","status":"publish","type":"product","link":"http:\/\/www.yespara.tn\/?product=avene-intense-protect-fluide-ultra-resistant-a-leau-spf50-150ml","title":{"rendered":"Avene Intense Protect Fluide Ultra-R\u00e9sistant a l\u2019Eau SPF50+ 150ml"},"content":{"rendered":"","protected":false},"excerpt":{"rendered":"<p>Soin solaire ultra large spectre pour le visage et le corps adapt\u00e9 aux conditions de soleil les plus intenses et aux peaux les plus sensibles. P\u00e9n\u00e9tration 3 secondes. R\u00e9sistant \u00e0 l\u2019eau. Sans effet blanc. Action anti dess\u00e8chement<\/p>\n","protected":false},"featured_media":5037,"comment_status":"open","ping_status":"closed","template":"","meta":[],"product_brand":[],"product_cat":[3400],"product_tag":[],"class_list":{"0":"post-5253","1":"product","2":"type-product","3":"status-publish","4":"has-post-thumbnail","6":"product_cat-avene-soins-solaires-2","8":"first","9":"instock","10":"sale","11":"taxable","12":"shipping-taxable","13":"purchasable","14":"product-type-simple"},"_links":{"self":[{"href":"http:\/\/www.yespara.tn\/index.php?rest_route=\/wp\/v2\/product\/5253","targetHints":{"allow":["GET"]}}],"collection":[{"href":"http:\/\/www.yespara.tn\/index.php?rest_route=\/wp\/v2\/product"}],"about":[{"href":"http:\/\/www.yespara.tn\/index.php?rest_route=\/wp\/v2\/types\/product"}],"replies":[{"embeddable":true,"href":"http:\/\/www.yespara.tn\/index.php?rest_route=%2Fwp%2Fv2%2Fcomments&post=5253"}],"wp:featuredmedia":[{"embeddable":true,"href":"http:\/\/www.yespara.tn\/index.php?rest_route=\/wp\/v2\/media\/5037"}],"wp:attachment":[{"href":"http:\/\/www.yespara.tn\/index.php?rest_route=%2Fwp%2Fv2%2Fmedia&parent=5253"}],"wp:term":[{"taxonomy":"product_brand","embeddable":true,"href":"http:\/\/www.yespara.tn\/index.php?rest_route=%2Fwp%2Fv2%2Fproduct_brand&post=5253"},{"taxonomy":"product_cat","embeddable":true,"href":"http:\/\/www.yespara.tn\/index.php?rest_route=%2Fwp%2Fv2%2Fproduct_cat&post=5253"},{"taxonomy":"product_tag","embeddable":true,"href":"http:\/\/www.yespara.tn\/index.php?rest_route=%2Fwp%2Fv2%2Fproduct_tag&post=5253"}],"curies":[{"name":"wp","href":"https:\/\/api.w.org\/{rel}","templated":true}]}}