{"id":5245,"date":"2026-03-01T01:06:45","date_gmt":"2026-03-01T00:06:45","guid":{"rendered":"http:\/\/198.46.190.232\/mypara\/?product=alania-uv-parfait-ecran-solaire-visage-invisible-40ml-2"},"modified":"2026-03-01T01:06:45","modified_gmt":"2026-03-01T00:06:45","slug":"alania-uv-parfait-ecran-solaire-visage-invisible-40ml-2","status":"publish","type":"product","link":"http:\/\/www.yespara.tn\/?product=alania-uv-parfait-ecran-solaire-visage-invisible-40ml-2","title":{"rendered":"ALANIA uv parfait ECRAN SOLAIRE visage INVISIBLE 40ml"},"content":{"rendered":"","protected":false},"excerpt":{"rendered":"<p>\u00c9cran solaire visage SPF50 invisible qui prot\u00e8ge efficacement contre les UVA\/UVB . Texture l\u00e9g\u00e8re , non grasse et sans traces blanches . Id\u00e9al pour un usage quotidien et comme base de maquillage .<\/p>\n","protected":false},"featured_media":4367,"comment_status":"open","ping_status":"closed","template":"","meta":[],"product_brand":[],"product_cat":[3231],"product_tag":[],"class_list":{"0":"post-5245","1":"product","2":"type-product","3":"status-publish","4":"has-post-thumbnail","6":"product_cat-alania-ventes-flash-soins-visage-soins-solaires-references-cremes-solaires","8":"first","9":"instock","10":"sale","11":"taxable","12":"shipping-taxable","13":"purchasable","14":"product-type-simple"},"_links":{"self":[{"href":"http:\/\/www.yespara.tn\/index.php?rest_route=\/wp\/v2\/product\/5245","targetHints":{"allow":["GET"]}}],"collection":[{"href":"http:\/\/www.yespara.tn\/index.php?rest_route=\/wp\/v2\/product"}],"about":[{"href":"http:\/\/www.yespara.tn\/index.php?rest_route=\/wp\/v2\/types\/product"}],"replies":[{"embeddable":true,"href":"http:\/\/www.yespara.tn\/index.php?rest_route=%2Fwp%2Fv2%2Fcomments&post=5245"}],"wp:featuredmedia":[{"embeddable":true,"href":"http:\/\/www.yespara.tn\/index.php?rest_route=\/wp\/v2\/media\/4367"}],"wp:attachment":[{"href":"http:\/\/www.yespara.tn\/index.php?rest_route=%2Fwp%2Fv2%2Fmedia&parent=5245"}],"wp:term":[{"taxonomy":"product_brand","embeddable":true,"href":"http:\/\/www.yespara.tn\/index.php?rest_route=%2Fwp%2Fv2%2Fproduct_brand&post=5245"},{"taxonomy":"product_cat","embeddable":true,"href":"http:\/\/www.yespara.tn\/index.php?rest_route=%2Fwp%2Fv2%2Fproduct_cat&post=5245"},{"taxonomy":"product_tag","embeddable":true,"href":"http:\/\/www.yespara.tn\/index.php?rest_route=%2Fwp%2Fv2%2Fproduct_tag&post=5245"}],"curies":[{"name":"wp","href":"https:\/\/api.w.org\/{rel}","templated":true}]}}