{"id":5242,"date":"2026-03-01T01:06:45","date_gmt":"2026-03-01T00:06:45","guid":{"rendered":"http:\/\/198.46.190.232\/mypara\/?product=avene-solaire-enfant-spray-haute-protection-spf-50-200ml"},"modified":"2026-03-01T01:06:45","modified_gmt":"2026-03-01T00:06:45","slug":"avene-solaire-enfant-spray-haute-protection-spf-50-200ml","status":"publish","type":"product","link":"http:\/\/www.yespara.tn\/?product=avene-solaire-enfant-spray-haute-protection-spf-50-200ml","title":{"rendered":"Avene Solaire Enfant Spray Haute Protection Spf 50+ 200ml"},"content":{"rendered":"","protected":false},"excerpt":{"rendered":"<p>Le Spray enfant SPF 50+ est parfaitement adapt\u00e9 \u00e0 la peau sensible des enfants. Gr\u00e2ce \u00e0 sa Texture barri\u00e8re anti-agressions*, le Spray enfant SPF 50+ offre une texture fluide et l\u00e9g\u00e8re \u00e0 appliquer et un film protecteur renforc\u00e9, tr\u00e8s r\u00e9sistant \u00e0 l\u2019eau.<\/p>\n","protected":false},"featured_media":5016,"comment_status":"open","ping_status":"closed","template":"","meta":[],"product_brand":[],"product_cat":[3400],"product_tag":[],"class_list":{"0":"post-5242","1":"product","2":"type-product","3":"status-publish","4":"has-post-thumbnail","6":"product_cat-avene-soins-solaires-2","8":"first","9":"instock","10":"sale","11":"taxable","12":"shipping-taxable","13":"purchasable","14":"product-type-simple"},"_links":{"self":[{"href":"http:\/\/www.yespara.tn\/index.php?rest_route=\/wp\/v2\/product\/5242","targetHints":{"allow":["GET"]}}],"collection":[{"href":"http:\/\/www.yespara.tn\/index.php?rest_route=\/wp\/v2\/product"}],"about":[{"href":"http:\/\/www.yespara.tn\/index.php?rest_route=\/wp\/v2\/types\/product"}],"replies":[{"embeddable":true,"href":"http:\/\/www.yespara.tn\/index.php?rest_route=%2Fwp%2Fv2%2Fcomments&post=5242"}],"wp:featuredmedia":[{"embeddable":true,"href":"http:\/\/www.yespara.tn\/index.php?rest_route=\/wp\/v2\/media\/5016"}],"wp:attachment":[{"href":"http:\/\/www.yespara.tn\/index.php?rest_route=%2Fwp%2Fv2%2Fmedia&parent=5242"}],"wp:term":[{"taxonomy":"product_brand","embeddable":true,"href":"http:\/\/www.yespara.tn\/index.php?rest_route=%2Fwp%2Fv2%2Fproduct_brand&post=5242"},{"taxonomy":"product_cat","embeddable":true,"href":"http:\/\/www.yespara.tn\/index.php?rest_route=%2Fwp%2Fv2%2Fproduct_cat&post=5242"},{"taxonomy":"product_tag","embeddable":true,"href":"http:\/\/www.yespara.tn\/index.php?rest_route=%2Fwp%2Fv2%2Fproduct_tag&post=5242"}],"curies":[{"name":"wp","href":"https:\/\/api.w.org\/{rel}","templated":true}]}}