{"id":5234,"date":"2026-03-01T01:06:43","date_gmt":"2026-03-01T00:06:43","guid":{"rendered":"http:\/\/198.46.190.232\/mypara\/?product=svr-sun-secure-spray-hydratant-spf50-200ml"},"modified":"2026-03-01T01:06:43","modified_gmt":"2026-03-01T00:06:43","slug":"svr-sun-secure-spray-hydratant-spf50-200ml","status":"publish","type":"product","link":"http:\/\/www.yespara.tn\/?product=svr-sun-secure-spray-hydratant-spf50-200ml","title":{"rendered":"svr sun secure spray hydratant spf50+ 200ml"},"content":{"rendered":"","protected":false},"excerpt":{"rendered":"<p>Spray solaire hydratant ultra-l\u00e9ger et invisible SPF50+ Peaux hypersensibles au soleil. B\u00e9b\u00e9, Enfant, Adulte. Visage et corps.<\/p>\n","protected":false},"featured_media":4997,"comment_status":"open","ping_status":"closed","template":"","meta":[],"product_brand":[],"product_cat":[3397],"product_tag":[],"class_list":{"0":"post-5234","1":"product","2":"type-product","3":"status-publish","4":"has-post-thumbnail","6":"product_cat-svr-soins-solaires-2","8":"first","9":"instock","10":"sale","11":"taxable","12":"shipping-taxable","13":"purchasable","14":"product-type-simple"},"_links":{"self":[{"href":"http:\/\/www.yespara.tn\/index.php?rest_route=\/wp\/v2\/product\/5234","targetHints":{"allow":["GET"]}}],"collection":[{"href":"http:\/\/www.yespara.tn\/index.php?rest_route=\/wp\/v2\/product"}],"about":[{"href":"http:\/\/www.yespara.tn\/index.php?rest_route=\/wp\/v2\/types\/product"}],"replies":[{"embeddable":true,"href":"http:\/\/www.yespara.tn\/index.php?rest_route=%2Fwp%2Fv2%2Fcomments&post=5234"}],"wp:featuredmedia":[{"embeddable":true,"href":"http:\/\/www.yespara.tn\/index.php?rest_route=\/wp\/v2\/media\/4997"}],"wp:attachment":[{"href":"http:\/\/www.yespara.tn\/index.php?rest_route=%2Fwp%2Fv2%2Fmedia&parent=5234"}],"wp:term":[{"taxonomy":"product_brand","embeddable":true,"href":"http:\/\/www.yespara.tn\/index.php?rest_route=%2Fwp%2Fv2%2Fproduct_brand&post=5234"},{"taxonomy":"product_cat","embeddable":true,"href":"http:\/\/www.yespara.tn\/index.php?rest_route=%2Fwp%2Fv2%2Fproduct_cat&post=5234"},{"taxonomy":"product_tag","embeddable":true,"href":"http:\/\/www.yespara.tn\/index.php?rest_route=%2Fwp%2Fv2%2Fproduct_tag&post=5234"}],"curies":[{"name":"wp","href":"https:\/\/api.w.org\/{rel}","templated":true}]}}