{"id":5229,"date":"2026-03-01T01:06:42","date_gmt":"2026-03-01T00:06:42","guid":{"rendered":"http:\/\/198.46.190.232\/mypara\/?product=dermacare-photosun-creme-protectrice-teintee-01-spf-50"},"modified":"2026-03-04T12:49:22","modified_gmt":"2026-03-04T11:49:22","slug":"dermacare-photosun-creme-protectrice-teintee-01-spf-50","status":"publish","type":"product","link":"http:\/\/www.yespara.tn\/?product=dermacare-photosun-creme-protectrice-teintee-01-spf-50","title":{"rendered":"Dermacare Photosun Cr\u00e8me Protectrice Teintee 01 Spf 50+"},"content":{"rendered":"","protected":false},"excerpt":{"rendered":"<p>Cr\u00e8me teint\u00e9e \u00e0 tr\u00e8s haute protection (SPF 50+). Elle prot\u00e8ge la peau des UVA\/UVB et de la lumi\u00e8re bleue Hydratante et illuminatrice,<\/p>\n","protected":false},"featured_media":4986,"comment_status":"open","ping_status":"closed","template":"","meta":[],"product_brand":[],"product_cat":[3375],"product_tag":[],"class_list":{"0":"post-5229","1":"product","2":"type-product","3":"status-publish","4":"has-post-thumbnail","6":"product_cat-dermacare-soins-solaires-cremes-solaires","8":"first","9":"instock","10":"sale","11":"taxable","12":"shipping-taxable","13":"purchasable","14":"product-type-simple"},"_links":{"self":[{"href":"http:\/\/www.yespara.tn\/index.php?rest_route=\/wp\/v2\/product\/5229","targetHints":{"allow":["GET"]}}],"collection":[{"href":"http:\/\/www.yespara.tn\/index.php?rest_route=\/wp\/v2\/product"}],"about":[{"href":"http:\/\/www.yespara.tn\/index.php?rest_route=\/wp\/v2\/types\/product"}],"replies":[{"embeddable":true,"href":"http:\/\/www.yespara.tn\/index.php?rest_route=%2Fwp%2Fv2%2Fcomments&post=5229"}],"wp:featuredmedia":[{"embeddable":true,"href":"http:\/\/www.yespara.tn\/index.php?rest_route=\/wp\/v2\/media\/4986"}],"wp:attachment":[{"href":"http:\/\/www.yespara.tn\/index.php?rest_route=%2Fwp%2Fv2%2Fmedia&parent=5229"}],"wp:term":[{"taxonomy":"product_brand","embeddable":true,"href":"http:\/\/www.yespara.tn\/index.php?rest_route=%2Fwp%2Fv2%2Fproduct_brand&post=5229"},{"taxonomy":"product_cat","embeddable":true,"href":"http:\/\/www.yespara.tn\/index.php?rest_route=%2Fwp%2Fv2%2Fproduct_cat&post=5229"},{"taxonomy":"product_tag","embeddable":true,"href":"http:\/\/www.yespara.tn\/index.php?rest_route=%2Fwp%2Fv2%2Fproduct_tag&post=5229"}],"curies":[{"name":"wp","href":"https:\/\/api.w.org\/{rel}","templated":true}]}}