{"id":5225,"date":"2026-03-01T01:06:41","date_gmt":"2026-03-01T00:06:41","guid":{"rendered":"http:\/\/198.46.190.232\/mypara\/?product=rivaderm-riva-sun-ecran-fluide-teinte-spf50-50ml"},"modified":"2026-03-04T12:56:05","modified_gmt":"2026-03-04T11:56:05","slug":"rivaderm-riva-sun-ecran-fluide-teinte-spf50-50ml","status":"publish","type":"product","link":"http:\/\/www.yespara.tn\/?product=rivaderm-riva-sun-ecran-fluide-teinte-spf50-50ml","title":{"rendered":"RIVADERM Riva Sun Ecran Fluide Teint\u00e9 SPF50+ 50ml"},"content":{"rendered":"","protected":false},"excerpt":{"rendered":"<p>Fluide SPF 50+ Teint\u00e9e Peaux mixtes \u00e0 grasses . Peaux \u00e0 tendance acn\u00e9ique pr\u00e9sentant des imperfections l\u00e9g\u00e8res \u00e0 mod\u00e9r\u00e9es . Tr\u00e8s r\u00e9sistant \u00e0 l\u2019eau<\/p>\n","protected":false},"featured_media":4978,"comment_status":"open","ping_status":"closed","template":"","meta":[],"product_brand":[],"product_cat":[3366],"product_tag":[],"class_list":{"0":"post-5225","1":"product","2":"type-product","3":"status-publish","4":"has-post-thumbnail","6":"product_cat-rivaderm-soins-solaires-cremes-solaires","8":"first","9":"instock","10":"sale","11":"taxable","12":"shipping-taxable","13":"purchasable","14":"product-type-simple"},"_links":{"self":[{"href":"http:\/\/www.yespara.tn\/index.php?rest_route=\/wp\/v2\/product\/5225","targetHints":{"allow":["GET"]}}],"collection":[{"href":"http:\/\/www.yespara.tn\/index.php?rest_route=\/wp\/v2\/product"}],"about":[{"href":"http:\/\/www.yespara.tn\/index.php?rest_route=\/wp\/v2\/types\/product"}],"replies":[{"embeddable":true,"href":"http:\/\/www.yespara.tn\/index.php?rest_route=%2Fwp%2Fv2%2Fcomments&post=5225"}],"wp:featuredmedia":[{"embeddable":true,"href":"http:\/\/www.yespara.tn\/index.php?rest_route=\/wp\/v2\/media\/4978"}],"wp:attachment":[{"href":"http:\/\/www.yespara.tn\/index.php?rest_route=%2Fwp%2Fv2%2Fmedia&parent=5225"}],"wp:term":[{"taxonomy":"product_brand","embeddable":true,"href":"http:\/\/www.yespara.tn\/index.php?rest_route=%2Fwp%2Fv2%2Fproduct_brand&post=5225"},{"taxonomy":"product_cat","embeddable":true,"href":"http:\/\/www.yespara.tn\/index.php?rest_route=%2Fwp%2Fv2%2Fproduct_cat&post=5225"},{"taxonomy":"product_tag","embeddable":true,"href":"http:\/\/www.yespara.tn\/index.php?rest_route=%2Fwp%2Fv2%2Fproduct_tag&post=5225"}],"curies":[{"name":"wp","href":"https:\/\/api.w.org\/{rel}","templated":true}]}}