{"id":5222,"date":"2026-03-01T01:06:41","date_gmt":"2026-03-01T00:06:41","guid":{"rendered":"http:\/\/198.46.190.232\/mypara\/?product=sensilis-sun-secret-water-ultra-fluide-spf-50-40-ml"},"modified":"2026-03-01T01:06:41","modified_gmt":"2026-03-01T00:06:41","slug":"sensilis-sun-secret-water-ultra-fluide-spf-50-40-ml","status":"publish","type":"product","link":"http:\/\/www.yespara.tn\/?product=sensilis-sun-secret-water-ultra-fluide-spf-50-40-ml","title":{"rendered":"Sensilis Sun Secret Water Ultra Fluide SPF 50+ 40 ml"},"content":{"rendered":"","protected":false},"excerpt":{"rendered":"<p>Sensilis Sun Secret Water Ultra Fluide SPF 50+ 40 ml \u2013 \ud83c\udf1f La protection solaire visage ultime enrichie de 7 plantes actives . Ultra-l\u00e9g\u00e8re et hydratante, cette formule \u00e0 base d\u2019eau fond parfaitement sur la peau, offrant une sensation de fra\u00eecheur et un fini invisible, soyeux et mat. Livraison gratuite d\u00e8s 99 DT chez MS PARA.<\/p>\n","protected":false},"featured_media":4765,"comment_status":"open","ping_status":"closed","template":"","meta":[],"product_brand":[],"product_cat":[3343],"product_tag":[],"class_list":{"0":"post-5222","1":"product","2":"type-product","3":"status-publish","4":"has-post-thumbnail","6":"product_cat-sensilis-skin-lab-soins-solaires-cremes-solaires","8":"first","9":"instock","10":"sale","11":"taxable","12":"shipping-taxable","13":"purchasable","14":"product-type-simple"},"_links":{"self":[{"href":"http:\/\/www.yespara.tn\/index.php?rest_route=\/wp\/v2\/product\/5222","targetHints":{"allow":["GET"]}}],"collection":[{"href":"http:\/\/www.yespara.tn\/index.php?rest_route=\/wp\/v2\/product"}],"about":[{"href":"http:\/\/www.yespara.tn\/index.php?rest_route=\/wp\/v2\/types\/product"}],"replies":[{"embeddable":true,"href":"http:\/\/www.yespara.tn\/index.php?rest_route=%2Fwp%2Fv2%2Fcomments&post=5222"}],"wp:featuredmedia":[{"embeddable":true,"href":"http:\/\/www.yespara.tn\/index.php?rest_route=\/wp\/v2\/media\/4765"}],"wp:attachment":[{"href":"http:\/\/www.yespara.tn\/index.php?rest_route=%2Fwp%2Fv2%2Fmedia&parent=5222"}],"wp:term":[{"taxonomy":"product_brand","embeddable":true,"href":"http:\/\/www.yespara.tn\/index.php?rest_route=%2Fwp%2Fv2%2Fproduct_brand&post=5222"},{"taxonomy":"product_cat","embeddable":true,"href":"http:\/\/www.yespara.tn\/index.php?rest_route=%2Fwp%2Fv2%2Fproduct_cat&post=5222"},{"taxonomy":"product_tag","embeddable":true,"href":"http:\/\/www.yespara.tn\/index.php?rest_route=%2Fwp%2Fv2%2Fproduct_tag&post=5222"}],"curies":[{"name":"wp","href":"https:\/\/api.w.org\/{rel}","templated":true}]}}