{"id":5219,"date":"2026-03-01T01:06:40","date_gmt":"2026-03-01T00:06:40","guid":{"rendered":"http:\/\/198.46.190.232\/mypara\/?product=sensilis-sun-secret-body-spray-spf50-200-ml-2"},"modified":"2026-03-01T01:06:40","modified_gmt":"2026-03-01T00:06:40","slug":"sensilis-sun-secret-body-spray-spf50-200-ml-2","status":"publish","type":"product","link":"http:\/\/www.yespara.tn\/?product=sensilis-sun-secret-body-spray-spf50-200-ml-2","title":{"rendered":"sensilis sun secret body spray spf50+ 200 ml"},"content":{"rendered":"","protected":false},"excerpt":{"rendered":"<p>Soin anti-\u00e2ge avec une photo-protection tr\u00e8s \u00e9lev\u00e9e. Prot\u00e8ge des rayonnements solaires, r\u00e9sistant \u00e0 l\u2019eau et facile \u00e0 appliquer. Spray. Pour peaux sensibles et claires.<\/p>\n","protected":false},"featured_media":4175,"comment_status":"open","ping_status":"closed","template":"","meta":[],"product_brand":[],"product_cat":[3139],"product_tag":[],"class_list":{"0":"post-5219","1":"product","2":"type-product","3":"status-publish","4":"has-post-thumbnail","6":"product_cat-sensilis-skin-lab-soins-visage-soins-solaires-2","8":"first","9":"instock","10":"sale","11":"taxable","12":"shipping-taxable","13":"purchasable","14":"product-type-simple"},"_links":{"self":[{"href":"http:\/\/www.yespara.tn\/index.php?rest_route=\/wp\/v2\/product\/5219","targetHints":{"allow":["GET"]}}],"collection":[{"href":"http:\/\/www.yespara.tn\/index.php?rest_route=\/wp\/v2\/product"}],"about":[{"href":"http:\/\/www.yespara.tn\/index.php?rest_route=\/wp\/v2\/types\/product"}],"replies":[{"embeddable":true,"href":"http:\/\/www.yespara.tn\/index.php?rest_route=%2Fwp%2Fv2%2Fcomments&post=5219"}],"wp:featuredmedia":[{"embeddable":true,"href":"http:\/\/www.yespara.tn\/index.php?rest_route=\/wp\/v2\/media\/4175"}],"wp:attachment":[{"href":"http:\/\/www.yespara.tn\/index.php?rest_route=%2Fwp%2Fv2%2Fmedia&parent=5219"}],"wp:term":[{"taxonomy":"product_brand","embeddable":true,"href":"http:\/\/www.yespara.tn\/index.php?rest_route=%2Fwp%2Fv2%2Fproduct_brand&post=5219"},{"taxonomy":"product_cat","embeddable":true,"href":"http:\/\/www.yespara.tn\/index.php?rest_route=%2Fwp%2Fv2%2Fproduct_cat&post=5219"},{"taxonomy":"product_tag","embeddable":true,"href":"http:\/\/www.yespara.tn\/index.php?rest_route=%2Fwp%2Fv2%2Fproduct_tag&post=5219"}],"curies":[{"name":"wp","href":"https:\/\/api.w.org\/{rel}","templated":true}]}}