{"id":5213,"date":"2026-03-01T01:06:38","date_gmt":"2026-03-01T00:06:38","guid":{"rendered":"http:\/\/198.46.190.232\/mypara\/?product=dermedic-sunbrella-ecran-spf50-peaux-normales-a-seches-40ml"},"modified":"2026-04-03T10:44:06","modified_gmt":"2026-04-03T09:44:06","slug":"dermedic-sunbrella-ecran-spf50-peaux-normales-a-seches-40ml","status":"publish","type":"product","link":"http:\/\/www.yespara.tn\/?product=dermedic-sunbrella-ecran-spf50-peaux-normales-a-seches-40ml","title":{"rendered":"DERMEDIC SUNBRELLA ECRAN SPF50+ PEAUX NORMALES A SECHES 40ML"},"content":{"rendered":"","protected":false},"excerpt":{"rendered":"<p>Prot\u00e9gez votre peau avec la cr\u00e8me solaire DERMEDIC SUNBRELLA ECRAN SPF50+ . Sp\u00e9cialement formul\u00e9e pour les peaux normales \u00e0 s\u00e8ches, elle offre une protection sup\u00e9rieure contre les rayons UV tout en hydratant votre \u00e9piderme. Id\u00e9ale pour une utilisation quotidienne, cette cr\u00e8me solaire SPF 50 est votre alli\u00e9e pour un bronzage en toute s\u00e9curit\u00e9.<\/p>\n","protected":false},"featured_media":4954,"comment_status":"open","ping_status":"closed","template":"","meta":[],"product_brand":[],"product_cat":[3389],"product_tag":[],"class_list":{"0":"post-5213","1":"product","2":"type-product","3":"status-publish","4":"has-post-thumbnail","6":"product_cat-dermedic-soins-solaires-cremes-solaires","8":"first","9":"outofstock","10":"sale","11":"taxable","12":"shipping-taxable","13":"purchasable","14":"product-type-simple"},"_links":{"self":[{"href":"http:\/\/www.yespara.tn\/index.php?rest_route=\/wp\/v2\/product\/5213","targetHints":{"allow":["GET"]}}],"collection":[{"href":"http:\/\/www.yespara.tn\/index.php?rest_route=\/wp\/v2\/product"}],"about":[{"href":"http:\/\/www.yespara.tn\/index.php?rest_route=\/wp\/v2\/types\/product"}],"replies":[{"embeddable":true,"href":"http:\/\/www.yespara.tn\/index.php?rest_route=%2Fwp%2Fv2%2Fcomments&post=5213"}],"wp:featuredmedia":[{"embeddable":true,"href":"http:\/\/www.yespara.tn\/index.php?rest_route=\/wp\/v2\/media\/4954"}],"wp:attachment":[{"href":"http:\/\/www.yespara.tn\/index.php?rest_route=%2Fwp%2Fv2%2Fmedia&parent=5213"}],"wp:term":[{"taxonomy":"product_brand","embeddable":true,"href":"http:\/\/www.yespara.tn\/index.php?rest_route=%2Fwp%2Fv2%2Fproduct_brand&post=5213"},{"taxonomy":"product_cat","embeddable":true,"href":"http:\/\/www.yespara.tn\/index.php?rest_route=%2Fwp%2Fv2%2Fproduct_cat&post=5213"},{"taxonomy":"product_tag","embeddable":true,"href":"http:\/\/www.yespara.tn\/index.php?rest_route=%2Fwp%2Fv2%2Fproduct_tag&post=5213"}],"curies":[{"name":"wp","href":"https:\/\/api.w.org\/{rel}","templated":true}]}}