{"id":5211,"date":"2026-03-01T01:06:38","date_gmt":"2026-03-01T00:06:38","guid":{"rendered":"http:\/\/198.46.190.232\/mypara\/?product=naturallabo-bioclear-ecran-solaire-mineral-beige-sable-30ml"},"modified":"2026-04-03T10:43:52","modified_gmt":"2026-04-03T09:43:52","slug":"naturallabo-bioclear-ecran-solaire-mineral-beige-sable-30ml","status":"publish","type":"product","link":"http:\/\/www.yespara.tn\/?product=naturallabo-bioclear-ecran-solaire-mineral-beige-sable-30ml","title":{"rendered":"NATURALLABO BIOCLEAR Ecran Solaire Min\u00e9ral Beige Sabl\u00e9  30ml"},"content":{"rendered":"<p>\u2022 Correcteur teint\u00e9 beige sable \u2022 Couvre imperfections &#038; taches \u2022 Teint unifi\u00e9 au fini naturel \u2022 Texture l\u00e9g\u00e8re &#038; facile \u00e0 \u00e9taler \u2022 Convient \u00e0 tous types de peaux \u2022 Format pratique 30 ml<\/p>\n","protected":false},"excerpt":{"rendered":"<p>\u2022 Correcteur teint\u00e9 beige sable \u2022 Couvre imperfections &#038; taches \u2022 Teint unifi\u00e9 au fini naturel \u2022 Texture l\u00e9g\u00e8re &#038; facile \u00e0 \u00e9taler \u2022 Convient \u00e0 tous types de peaux \u2022 Format pratique 30 ml<\/p>\n","protected":false},"featured_media":4950,"comment_status":"open","ping_status":"closed","template":"","meta":[],"product_brand":[],"product_cat":[3388],"product_tag":[],"class_list":{"0":"post-5211","1":"product","2":"type-product","3":"status-publish","4":"has-post-thumbnail","6":"product_cat-natural-labo-soins-solaires-cremes-solaires","8":"first","9":"outofstock","10":"sale","11":"taxable","12":"shipping-taxable","13":"purchasable","14":"product-type-simple"},"_links":{"self":[{"href":"http:\/\/www.yespara.tn\/index.php?rest_route=\/wp\/v2\/product\/5211","targetHints":{"allow":["GET"]}}],"collection":[{"href":"http:\/\/www.yespara.tn\/index.php?rest_route=\/wp\/v2\/product"}],"about":[{"href":"http:\/\/www.yespara.tn\/index.php?rest_route=\/wp\/v2\/types\/product"}],"replies":[{"embeddable":true,"href":"http:\/\/www.yespara.tn\/index.php?rest_route=%2Fwp%2Fv2%2Fcomments&post=5211"}],"wp:featuredmedia":[{"embeddable":true,"href":"http:\/\/www.yespara.tn\/index.php?rest_route=\/wp\/v2\/media\/4950"}],"wp:attachment":[{"href":"http:\/\/www.yespara.tn\/index.php?rest_route=%2Fwp%2Fv2%2Fmedia&parent=5211"}],"wp:term":[{"taxonomy":"product_brand","embeddable":true,"href":"http:\/\/www.yespara.tn\/index.php?rest_route=%2Fwp%2Fv2%2Fproduct_brand&post=5211"},{"taxonomy":"product_cat","embeddable":true,"href":"http:\/\/www.yespara.tn\/index.php?rest_route=%2Fwp%2Fv2%2Fproduct_cat&post=5211"},{"taxonomy":"product_tag","embeddable":true,"href":"http:\/\/www.yespara.tn\/index.php?rest_route=%2Fwp%2Fv2%2Fproduct_tag&post=5211"}],"curies":[{"name":"wp","href":"https:\/\/api.w.org\/{rel}","templated":true}]}}