{"id":5210,"date":"2026-03-01T01:06:37","date_gmt":"2026-03-01T00:06:37","guid":{"rendered":"http:\/\/198.46.190.232\/mypara\/?product=cereza-creme-solaire-3en1-anti-age-et-anti-tache-50ml"},"modified":"2026-03-25T15:52:51","modified_gmt":"2026-03-25T14:52:51","slug":"cereza-creme-solaire-3en1-anti-age-et-anti-tache-50ml","status":"publish","type":"product","link":"http:\/\/www.yespara.tn\/?product=cereza-creme-solaire-3en1-anti-age-et-anti-tache-50ml","title":{"rendered":"cereza creme solaire 3en1 anti age et anti tache 50ml"},"content":{"rendered":"","protected":false},"excerpt":{"rendered":"<p>Destin\u00e9e \u00e0 tous les types de peau, m\u00eame sensibles, la cr\u00e8me solaire visage SPF 50+ poss\u00e8de une texture ultra l\u00e9g\u00e8re au fini invisible. Contenance : 50ml<\/p>\n","protected":false},"featured_media":4948,"comment_status":"open","ping_status":"closed","template":"","meta":[],"product_brand":[],"product_cat":[3387],"product_tag":[],"class_list":{"0":"post-5210","1":"product","2":"type-product","3":"status-publish","4":"has-post-thumbnail","6":"product_cat-cereza-soins-solaires-2","8":"first","9":"instock","10":"sale","11":"taxable","12":"shipping-taxable","13":"purchasable","14":"product-type-simple"},"_links":{"self":[{"href":"http:\/\/www.yespara.tn\/index.php?rest_route=\/wp\/v2\/product\/5210","targetHints":{"allow":["GET"]}}],"collection":[{"href":"http:\/\/www.yespara.tn\/index.php?rest_route=\/wp\/v2\/product"}],"about":[{"href":"http:\/\/www.yespara.tn\/index.php?rest_route=\/wp\/v2\/types\/product"}],"replies":[{"embeddable":true,"href":"http:\/\/www.yespara.tn\/index.php?rest_route=%2Fwp%2Fv2%2Fcomments&post=5210"}],"wp:featuredmedia":[{"embeddable":true,"href":"http:\/\/www.yespara.tn\/index.php?rest_route=\/wp\/v2\/media\/4948"}],"wp:attachment":[{"href":"http:\/\/www.yespara.tn\/index.php?rest_route=%2Fwp%2Fv2%2Fmedia&parent=5210"}],"wp:term":[{"taxonomy":"product_brand","embeddable":true,"href":"http:\/\/www.yespara.tn\/index.php?rest_route=%2Fwp%2Fv2%2Fproduct_brand&post=5210"},{"taxonomy":"product_cat","embeddable":true,"href":"http:\/\/www.yespara.tn\/index.php?rest_route=%2Fwp%2Fv2%2Fproduct_cat&post=5210"},{"taxonomy":"product_tag","embeddable":true,"href":"http:\/\/www.yespara.tn\/index.php?rest_route=%2Fwp%2Fv2%2Fproduct_tag&post=5210"}],"curies":[{"name":"wp","href":"https:\/\/api.w.org\/{rel}","templated":true}]}}