{"id":5209,"date":"2026-03-01T01:06:37","date_gmt":"2026-03-01T00:06:37","guid":{"rendered":"http:\/\/198.46.190.232\/mypara\/?product=esthelle-ecran-total-claryteint-rose"},"modified":"2026-03-01T01:06:37","modified_gmt":"2026-03-01T00:06:37","slug":"esthelle-ecran-total-claryteint-rose","status":"publish","type":"product","link":"http:\/\/www.yespara.tn\/?product=esthelle-ecran-total-claryteint-rose","title":{"rendered":"esth\u2019elle \u00e9cran total claryteint rose"},"content":{"rendered":"","protected":false},"excerpt":{"rendered":"<p>Claryteint est une cr\u00e8me solaire douce et l\u00e9g\u00e8re qui vise \u00e0 unifier le teint tout en att\u00e9nuant et camouflant les taches brunes. Elle pr\u00e9vient l\u2019apparition de nouvelles taches tout en assurant l\u2019hydratation et la reg\u00e9n\u00e9ration cellulaire.<\/p>\n","protected":false},"featured_media":4943,"comment_status":"open","ping_status":"closed","template":"","meta":[],"product_brand":[],"product_cat":[2457],"product_tag":[],"class_list":{"0":"post-5209","1":"product","2":"type-product","3":"status-publish","4":"has-post-thumbnail","6":"product_cat-soins-solaires-cremes-solaires","8":"first","9":"instock","10":"sale","11":"taxable","12":"shipping-taxable","13":"purchasable","14":"product-type-simple"},"_links":{"self":[{"href":"http:\/\/www.yespara.tn\/index.php?rest_route=\/wp\/v2\/product\/5209","targetHints":{"allow":["GET"]}}],"collection":[{"href":"http:\/\/www.yespara.tn\/index.php?rest_route=\/wp\/v2\/product"}],"about":[{"href":"http:\/\/www.yespara.tn\/index.php?rest_route=\/wp\/v2\/types\/product"}],"replies":[{"embeddable":true,"href":"http:\/\/www.yespara.tn\/index.php?rest_route=%2Fwp%2Fv2%2Fcomments&post=5209"}],"wp:featuredmedia":[{"embeddable":true,"href":"http:\/\/www.yespara.tn\/index.php?rest_route=\/wp\/v2\/media\/4943"}],"wp:attachment":[{"href":"http:\/\/www.yespara.tn\/index.php?rest_route=%2Fwp%2Fv2%2Fmedia&parent=5209"}],"wp:term":[{"taxonomy":"product_brand","embeddable":true,"href":"http:\/\/www.yespara.tn\/index.php?rest_route=%2Fwp%2Fv2%2Fproduct_brand&post=5209"},{"taxonomy":"product_cat","embeddable":true,"href":"http:\/\/www.yespara.tn\/index.php?rest_route=%2Fwp%2Fv2%2Fproduct_cat&post=5209"},{"taxonomy":"product_tag","embeddable":true,"href":"http:\/\/www.yespara.tn\/index.php?rest_route=%2Fwp%2Fv2%2Fproduct_tag&post=5209"}],"curies":[{"name":"wp","href":"https:\/\/api.w.org\/{rel}","templated":true}]}}