{"id":5199,"date":"2026-03-01T01:06:35","date_gmt":"2026-03-01T00:06:35","guid":{"rendered":"http:\/\/198.46.190.232\/mypara\/?product=innovaderm-sunny-lait-spf-50-enfant-et-adulte-150ml"},"modified":"2026-03-01T01:06:35","modified_gmt":"2026-03-01T00:06:35","slug":"innovaderm-sunny-lait-spf-50-enfant-et-adulte-150ml","status":"publish","type":"product","link":"http:\/\/www.yespara.tn\/?product=innovaderm-sunny-lait-spf-50-enfant-et-adulte-150ml","title":{"rendered":"INNOVADERM SUNNY lait spf 50+ enfant et adulte 150ML"},"content":{"rendered":"","protected":false},"excerpt":{"rendered":"<p>\ud83d\udee1\ufe0f SPF 50+ : Tr\u00e8s haute protection contre les coups de soleil &#038; les dommages cutan\u00e9s \ud83d\udc67 Convient aux enfants d\u00e8s 3 ans et aux adultes \ud83d\udca7 Hydrate intens\u00e9ment et pr\u00e9serve le confort cutan\u00e9 \ud83c\udf0a R\u00e9siste \u00e0 l\u2019eau et \u00e0 la transpiration \ud83c\udf3f Formule douce, sans parfum \u2013 Haute tol\u00e9rance<\/p>\n","protected":false},"featured_media":4925,"comment_status":"open","ping_status":"closed","template":"","meta":[],"product_brand":[],"product_cat":[3384],"product_tag":[],"class_list":{"0":"post-5199","1":"product","2":"type-product","3":"status-publish","4":"has-post-thumbnail","6":"product_cat-innovaderm-soins-solaires-soins-pour-le-corps-cremes-solaires","8":"first","9":"instock","10":"sale","11":"taxable","12":"shipping-taxable","13":"purchasable","14":"product-type-simple"},"_links":{"self":[{"href":"http:\/\/www.yespara.tn\/index.php?rest_route=\/wp\/v2\/product\/5199","targetHints":{"allow":["GET"]}}],"collection":[{"href":"http:\/\/www.yespara.tn\/index.php?rest_route=\/wp\/v2\/product"}],"about":[{"href":"http:\/\/www.yespara.tn\/index.php?rest_route=\/wp\/v2\/types\/product"}],"replies":[{"embeddable":true,"href":"http:\/\/www.yespara.tn\/index.php?rest_route=%2Fwp%2Fv2%2Fcomments&post=5199"}],"wp:featuredmedia":[{"embeddable":true,"href":"http:\/\/www.yespara.tn\/index.php?rest_route=\/wp\/v2\/media\/4925"}],"wp:attachment":[{"href":"http:\/\/www.yespara.tn\/index.php?rest_route=%2Fwp%2Fv2%2Fmedia&parent=5199"}],"wp:term":[{"taxonomy":"product_brand","embeddable":true,"href":"http:\/\/www.yespara.tn\/index.php?rest_route=%2Fwp%2Fv2%2Fproduct_brand&post=5199"},{"taxonomy":"product_cat","embeddable":true,"href":"http:\/\/www.yespara.tn\/index.php?rest_route=%2Fwp%2Fv2%2Fproduct_cat&post=5199"},{"taxonomy":"product_tag","embeddable":true,"href":"http:\/\/www.yespara.tn\/index.php?rest_route=%2Fwp%2Fv2%2Fproduct_tag&post=5199"}],"curies":[{"name":"wp","href":"https:\/\/api.w.org\/{rel}","templated":true}]}}