{"id":5198,"date":"2026-03-01T01:06:35","date_gmt":"2026-03-01T00:06:35","guid":{"rendered":"http:\/\/198.46.190.232\/mypara\/?product=novaclear-urban-sunblock-sensitive-skin-spf50-40ml"},"modified":"2026-03-01T01:06:35","modified_gmt":"2026-03-01T00:06:35","slug":"novaclear-urban-sunblock-sensitive-skin-spf50-40ml","status":"publish","type":"product","link":"http:\/\/www.yespara.tn\/?product=novaclear-urban-sunblock-sensitive-skin-spf50-40ml","title":{"rendered":"novaclear urban sunblock sensitive skin spf50+ 40ml"},"content":{"rendered":"","protected":false},"excerpt":{"rendered":"<p>NOVACLEAR \u2013 Cr\u00e8me solaire pour peaux sensibles- spf 50+ cr\u00e8me SPF 50 + offre une tr\u00e8s haute protection contre les rayons UVA \/ UVB et IR nocifs. Sans paraben \/ non com\u00e9dog\u00e8ne<\/p>\n","protected":false},"featured_media":4922,"comment_status":"open","ping_status":"closed","template":"","meta":[],"product_brand":[],"product_cat":[3381],"product_tag":[],"class_list":{"0":"post-5198","1":"product","2":"type-product","3":"status-publish","4":"has-post-thumbnail","6":"product_cat-novaclear-cremes-solaires","8":"first","9":"instock","10":"sale","11":"taxable","12":"shipping-taxable","13":"purchasable","14":"product-type-simple"},"_links":{"self":[{"href":"http:\/\/www.yespara.tn\/index.php?rest_route=\/wp\/v2\/product\/5198","targetHints":{"allow":["GET"]}}],"collection":[{"href":"http:\/\/www.yespara.tn\/index.php?rest_route=\/wp\/v2\/product"}],"about":[{"href":"http:\/\/www.yespara.tn\/index.php?rest_route=\/wp\/v2\/types\/product"}],"replies":[{"embeddable":true,"href":"http:\/\/www.yespara.tn\/index.php?rest_route=%2Fwp%2Fv2%2Fcomments&post=5198"}],"wp:featuredmedia":[{"embeddable":true,"href":"http:\/\/www.yespara.tn\/index.php?rest_route=\/wp\/v2\/media\/4922"}],"wp:attachment":[{"href":"http:\/\/www.yespara.tn\/index.php?rest_route=%2Fwp%2Fv2%2Fmedia&parent=5198"}],"wp:term":[{"taxonomy":"product_brand","embeddable":true,"href":"http:\/\/www.yespara.tn\/index.php?rest_route=%2Fwp%2Fv2%2Fproduct_brand&post=5198"},{"taxonomy":"product_cat","embeddable":true,"href":"http:\/\/www.yespara.tn\/index.php?rest_route=%2Fwp%2Fv2%2Fproduct_cat&post=5198"},{"taxonomy":"product_tag","embeddable":true,"href":"http:\/\/www.yespara.tn\/index.php?rest_route=%2Fwp%2Fv2%2Fproduct_tag&post=5198"}],"curies":[{"name":"wp","href":"https:\/\/api.w.org\/{rel}","templated":true}]}}