{"id":5192,"date":"2026-03-01T01:06:34","date_gmt":"2026-03-01T00:06:34","guid":{"rendered":"http:\/\/198.46.190.232\/mypara\/?product=svr-sensifine-ar-creme-spf5050-ml"},"modified":"2026-03-04T13:11:38","modified_gmt":"2026-03-04T12:11:38","slug":"svr-sensifine-ar-creme-spf5050-ml","status":"publish","type":"product","link":"http:\/\/www.yespara.tn\/?product=svr-sensifine-ar-creme-spf5050-ml","title":{"rendered":"SVR Sensifine AR Creme SPF50+50 ml"},"content":{"rendered":"","protected":false},"excerpt":{"rendered":"<p>SVR Sensifine AR Cr\u00e8me SPF50+ 50 ml est une tr\u00e8s haute protection solaire (filtres UVA et UVB) apaisante anti-rougeurs qui prot\u00e8ge, hydrate et apaise. Contenance: 50 ml<\/p>\n","protected":false},"featured_media":4909,"comment_status":"open","ping_status":"closed","template":"","meta":[],"product_brand":[],"product_cat":[3378],"product_tag":[],"class_list":{"0":"post-5192","1":"product","2":"type-product","3":"status-publish","4":"has-post-thumbnail","6":"product_cat-svr-ventes-flash-references-cremes-solaires","8":"first","9":"instock","10":"sale","11":"taxable","12":"shipping-taxable","13":"purchasable","14":"product-type-simple"},"_links":{"self":[{"href":"http:\/\/www.yespara.tn\/index.php?rest_route=\/wp\/v2\/product\/5192","targetHints":{"allow":["GET"]}}],"collection":[{"href":"http:\/\/www.yespara.tn\/index.php?rest_route=\/wp\/v2\/product"}],"about":[{"href":"http:\/\/www.yespara.tn\/index.php?rest_route=\/wp\/v2\/types\/product"}],"replies":[{"embeddable":true,"href":"http:\/\/www.yespara.tn\/index.php?rest_route=%2Fwp%2Fv2%2Fcomments&post=5192"}],"wp:featuredmedia":[{"embeddable":true,"href":"http:\/\/www.yespara.tn\/index.php?rest_route=\/wp\/v2\/media\/4909"}],"wp:attachment":[{"href":"http:\/\/www.yespara.tn\/index.php?rest_route=%2Fwp%2Fv2%2Fmedia&parent=5192"}],"wp:term":[{"taxonomy":"product_brand","embeddable":true,"href":"http:\/\/www.yespara.tn\/index.php?rest_route=%2Fwp%2Fv2%2Fproduct_brand&post=5192"},{"taxonomy":"product_cat","embeddable":true,"href":"http:\/\/www.yespara.tn\/index.php?rest_route=%2Fwp%2Fv2%2Fproduct_cat&post=5192"},{"taxonomy":"product_tag","embeddable":true,"href":"http:\/\/www.yespara.tn\/index.php?rest_route=%2Fwp%2Fv2%2Fproduct_tag&post=5192"}],"curies":[{"name":"wp","href":"https:\/\/api.w.org\/{rel}","templated":true}]}}