{"id":5190,"date":"2026-03-01T01:06:34","date_gmt":"2026-03-01T00:06:34","guid":{"rendered":"http:\/\/198.46.190.232\/mypara\/?product=novaclear-urban-sunblock-sensitive-skin-spf-50"},"modified":"2026-04-03T10:45:52","modified_gmt":"2026-04-03T09:45:52","slug":"novaclear-urban-sunblock-sensitive-skin-spf-50","status":"publish","type":"product","link":"http:\/\/www.yespara.tn\/?product=novaclear-urban-sunblock-sensitive-skin-spf-50","title":{"rendered":"NOVACLEAR URBAN SUNBLOCK SENSITIVE SKIN spf 50+"},"content":{"rendered":"","protected":false},"excerpt":{"rendered":"<p>NOVACLEAR \u2013 Cr\u00e8me solaire pour peaux s\u00e8ches- spf 50+ Cr\u00e8me SPF 50 +\u00a0offre une tr\u00e8s\u00a0haute protection\u00a0contre les rayons UVA \/ UVB et IR nocifs.&amp;amp;amp;amp;lt;\/p&gt; <\/p>\n<p>Sans paraben \/ non com\u00e9dog\u00e8ne<\/p>\n","protected":false},"featured_media":4906,"comment_status":"open","ping_status":"closed","template":"","meta":[],"product_brand":[],"product_cat":[3377],"product_tag":[],"class_list":{"0":"post-5190","1":"product","2":"type-product","3":"status-publish","4":"has-post-thumbnail","6":"product_cat-novaclear-soins-solaires-cremes-solaires","8":"first","9":"outofstock","10":"sale","11":"taxable","12":"shipping-taxable","13":"purchasable","14":"product-type-simple"},"_links":{"self":[{"href":"http:\/\/www.yespara.tn\/index.php?rest_route=\/wp\/v2\/product\/5190","targetHints":{"allow":["GET"]}}],"collection":[{"href":"http:\/\/www.yespara.tn\/index.php?rest_route=\/wp\/v2\/product"}],"about":[{"href":"http:\/\/www.yespara.tn\/index.php?rest_route=\/wp\/v2\/types\/product"}],"replies":[{"embeddable":true,"href":"http:\/\/www.yespara.tn\/index.php?rest_route=%2Fwp%2Fv2%2Fcomments&post=5190"}],"wp:featuredmedia":[{"embeddable":true,"href":"http:\/\/www.yespara.tn\/index.php?rest_route=\/wp\/v2\/media\/4906"}],"wp:attachment":[{"href":"http:\/\/www.yespara.tn\/index.php?rest_route=%2Fwp%2Fv2%2Fmedia&parent=5190"}],"wp:term":[{"taxonomy":"product_brand","embeddable":true,"href":"http:\/\/www.yespara.tn\/index.php?rest_route=%2Fwp%2Fv2%2Fproduct_brand&post=5190"},{"taxonomy":"product_cat","embeddable":true,"href":"http:\/\/www.yespara.tn\/index.php?rest_route=%2Fwp%2Fv2%2Fproduct_cat&post=5190"},{"taxonomy":"product_tag","embeddable":true,"href":"http:\/\/www.yespara.tn\/index.php?rest_route=%2Fwp%2Fv2%2Fproduct_tag&post=5190"}],"curies":[{"name":"wp","href":"https:\/\/api.w.org\/{rel}","templated":true}]}}