{"id":5188,"date":"2026-03-01T01:06:32","date_gmt":"2026-03-01T00:06:32","guid":{"rendered":"http:\/\/198.46.190.232\/mypara\/?product=dermacare-photosun-creme-teintee-peaux-sensible-spf-50-n1-5"},"modified":"2026-03-25T15:59:26","modified_gmt":"2026-03-25T14:59:26","slug":"dermacare-photosun-creme-teintee-peaux-sensible-spf-50-n1-5","status":"publish","type":"product","link":"http:\/\/www.yespara.tn\/?product=dermacare-photosun-creme-teintee-peaux-sensible-spf-50-n1-5","title":{"rendered":"Dermacare Photosun Cr\u00e8me Teint\u00e9e peaux sensible spf 50+ n\u00b01.5"},"content":{"rendered":"","protected":false},"excerpt":{"rendered":"<p>Cr\u00e8me tr\u00e9s haute protection SPF 50 qui prot\u00e8ge la peau des UVA\/UVB et des infrarouges , elle prot\u00e8ge , hydrate , unifie le teint et donne un effet bonne mine avec un toucher doux et soyeux .<\/p>\n","protected":false},"featured_media":4902,"comment_status":"open","ping_status":"closed","template":"","meta":[],"product_brand":[],"product_cat":[3375],"product_tag":[],"class_list":{"0":"post-5188","1":"product","2":"type-product","3":"status-publish","4":"has-post-thumbnail","6":"product_cat-dermacare-soins-solaires-cremes-solaires","8":"first","9":"instock","10":"sale","11":"taxable","12":"shipping-taxable","13":"purchasable","14":"product-type-simple"},"_links":{"self":[{"href":"http:\/\/www.yespara.tn\/index.php?rest_route=\/wp\/v2\/product\/5188","targetHints":{"allow":["GET"]}}],"collection":[{"href":"http:\/\/www.yespara.tn\/index.php?rest_route=\/wp\/v2\/product"}],"about":[{"href":"http:\/\/www.yespara.tn\/index.php?rest_route=\/wp\/v2\/types\/product"}],"replies":[{"embeddable":true,"href":"http:\/\/www.yespara.tn\/index.php?rest_route=%2Fwp%2Fv2%2Fcomments&post=5188"}],"wp:featuredmedia":[{"embeddable":true,"href":"http:\/\/www.yespara.tn\/index.php?rest_route=\/wp\/v2\/media\/4902"}],"wp:attachment":[{"href":"http:\/\/www.yespara.tn\/index.php?rest_route=%2Fwp%2Fv2%2Fmedia&parent=5188"}],"wp:term":[{"taxonomy":"product_brand","embeddable":true,"href":"http:\/\/www.yespara.tn\/index.php?rest_route=%2Fwp%2Fv2%2Fproduct_brand&post=5188"},{"taxonomy":"product_cat","embeddable":true,"href":"http:\/\/www.yespara.tn\/index.php?rest_route=%2Fwp%2Fv2%2Fproduct_cat&post=5188"},{"taxonomy":"product_tag","embeddable":true,"href":"http:\/\/www.yespara.tn\/index.php?rest_route=%2Fwp%2Fv2%2Fproduct_tag&post=5188"}],"curies":[{"name":"wp","href":"https:\/\/api.w.org\/{rel}","templated":true}]}}