{"id":5185,"date":"2026-03-01T01:06:32","date_gmt":"2026-03-01T00:06:32","guid":{"rendered":"http:\/\/198.46.190.232\/mypara\/?product=avene-sunsimed-ka-uvb-uva-blue-light-protection-80ml-2"},"modified":"2026-03-25T16:30:47","modified_gmt":"2026-03-25T15:30:47","slug":"avene-sunsimed-ka-uvb-uva-blue-light-protection-80ml-2","status":"publish","type":"product","link":"http:\/\/www.yespara.tn\/?product=avene-sunsimed-ka-uvb-uva-blue-light-protection-80ml-2","title":{"rendered":"AVENE SUNSIMED KA UVB UVA BLUE LIGHT PROTECTION 80ML"},"content":{"rendered":"","protected":false},"excerpt":{"rendered":"<p>\u2714 Protection SPF50+ ultra-large spectre \ud83d\udee1\ufe0f : Pr\u00e9serve la peau des agressions du soleil. \u2714 R\u00e9duction des taches pigmentaires \ud83c\udfaf : Att\u00e9nue les irr\u00e9gularit\u00e9s du teint. \u2714 Protection contre la lumi\u00e8re bleue \ud83d\udd35 : Pr\u00e9vient le vieillissement pr\u00e9matur\u00e9. \u2714 Texture fluide &amp; non grasse \ud83d\udca7 : Absorption rapide, fini invisible. \u2714 Haute tol\u00e9rance pour les peaux sensibles \ud83c\udf3f : Hypoallerg\u00e9nique et non com\u00e9dog\u00e8ne.<\/p>\n","protected":false},"featured_media":3799,"comment_status":"open","ping_status":"closed","template":"","meta":[],"product_brand":[],"product_cat":[2979],"product_tag":[],"class_list":{"0":"post-5185","1":"product","2":"type-product","3":"status-publish","4":"has-post-thumbnail","6":"product_cat-avene-soins-hydratants-et-nourrissants-soins-anti-taches-et-depigmentants-soins-anti-age-et-anti-rides-cremes-solaires","8":"first","9":"instock","10":"sale","11":"taxable","12":"shipping-taxable","13":"purchasable","14":"product-type-simple"},"_links":{"self":[{"href":"http:\/\/www.yespara.tn\/index.php?rest_route=\/wp\/v2\/product\/5185","targetHints":{"allow":["GET"]}}],"collection":[{"href":"http:\/\/www.yespara.tn\/index.php?rest_route=\/wp\/v2\/product"}],"about":[{"href":"http:\/\/www.yespara.tn\/index.php?rest_route=\/wp\/v2\/types\/product"}],"replies":[{"embeddable":true,"href":"http:\/\/www.yespara.tn\/index.php?rest_route=%2Fwp%2Fv2%2Fcomments&post=5185"}],"wp:featuredmedia":[{"embeddable":true,"href":"http:\/\/www.yespara.tn\/index.php?rest_route=\/wp\/v2\/media\/3799"}],"wp:attachment":[{"href":"http:\/\/www.yespara.tn\/index.php?rest_route=%2Fwp%2Fv2%2Fmedia&parent=5185"}],"wp:term":[{"taxonomy":"product_brand","embeddable":true,"href":"http:\/\/www.yespara.tn\/index.php?rest_route=%2Fwp%2Fv2%2Fproduct_brand&post=5185"},{"taxonomy":"product_cat","embeddable":true,"href":"http:\/\/www.yespara.tn\/index.php?rest_route=%2Fwp%2Fv2%2Fproduct_cat&post=5185"},{"taxonomy":"product_tag","embeddable":true,"href":"http:\/\/www.yespara.tn\/index.php?rest_route=%2Fwp%2Fv2%2Fproduct_tag&post=5185"}],"curies":[{"name":"wp","href":"https:\/\/api.w.org\/{rel}","templated":true}]}}