{"id":5183,"date":"2026-03-01T01:06:31","date_gmt":"2026-03-01T00:06:31","guid":{"rendered":"http:\/\/198.46.190.232\/mypara\/?product=cereza-teint-divin-ecran-mineral-beige-naturel-spf50"},"modified":"2026-03-01T01:06:32","modified_gmt":"2026-03-01T00:06:32","slug":"cereza-teint-divin-ecran-mineral-beige-naturel-spf50","status":"publish","type":"product","link":"http:\/\/www.yespara.tn\/?product=cereza-teint-divin-ecran-mineral-beige-naturel-spf50","title":{"rendered":"cereza teint divin ecran mineral beige naturel spf50+"},"content":{"rendered":"","protected":false},"excerpt":{"rendered":"<p>\u00e9cran min\u00e9ral teint\u00e9 allie tr\u00e8s haute protection SPF50+ 100% min\u00e9ral et soin anti-\u00e2ge &#038; anti-t\u00e2ches d\u00e9clin\u00e9 en 2 teintes beige naturel et beige porcelaine.<\/p>\n","protected":false},"featured_media":4885,"comment_status":"open","ping_status":"closed","template":"","meta":[],"product_brand":[],"product_cat":[3368],"product_tag":[],"class_list":{"0":"post-5183","1":"product","2":"type-product","3":"status-publish","4":"has-post-thumbnail","6":"product_cat-cereza-soins-solaires-cremes-solaires","8":"first","9":"instock","10":"sale","11":"taxable","12":"shipping-taxable","13":"purchasable","14":"product-type-simple"},"_links":{"self":[{"href":"http:\/\/www.yespara.tn\/index.php?rest_route=\/wp\/v2\/product\/5183","targetHints":{"allow":["GET"]}}],"collection":[{"href":"http:\/\/www.yespara.tn\/index.php?rest_route=\/wp\/v2\/product"}],"about":[{"href":"http:\/\/www.yespara.tn\/index.php?rest_route=\/wp\/v2\/types\/product"}],"replies":[{"embeddable":true,"href":"http:\/\/www.yespara.tn\/index.php?rest_route=%2Fwp%2Fv2%2Fcomments&post=5183"}],"wp:featuredmedia":[{"embeddable":true,"href":"http:\/\/www.yespara.tn\/index.php?rest_route=\/wp\/v2\/media\/4885"}],"wp:attachment":[{"href":"http:\/\/www.yespara.tn\/index.php?rest_route=%2Fwp%2Fv2%2Fmedia&parent=5183"}],"wp:term":[{"taxonomy":"product_brand","embeddable":true,"href":"http:\/\/www.yespara.tn\/index.php?rest_route=%2Fwp%2Fv2%2Fproduct_brand&post=5183"},{"taxonomy":"product_cat","embeddable":true,"href":"http:\/\/www.yespara.tn\/index.php?rest_route=%2Fwp%2Fv2%2Fproduct_cat&post=5183"},{"taxonomy":"product_tag","embeddable":true,"href":"http:\/\/www.yespara.tn\/index.php?rest_route=%2Fwp%2Fv2%2Fproduct_tag&post=5183"}],"curies":[{"name":"wp","href":"https:\/\/api.w.org\/{rel}","templated":true}]}}