{"id":5178,"date":"2026-03-01T01:06:30","date_gmt":"2026-03-01T00:06:30","guid":{"rendered":"http:\/\/198.46.190.232\/mypara\/?product=ducray-melascreen-creme-protection-anti-taches-spf50-50ml-ps-2"},"modified":"2026-04-03T10:41:01","modified_gmt":"2026-04-03T09:41:01","slug":"ducray-melascreen-creme-protection-anti-taches-spf50-50ml-ps-2","status":"publish","type":"product","link":"http:\/\/www.yespara.tn\/?product=ducray-melascreen-creme-protection-anti-taches-spf50-50ml-ps-2","title":{"rendered":"Ducray Melascreen Creme Protection Anti-taches SPF50+  50ML PS"},"content":{"rendered":"","protected":false},"excerpt":{"rendered":"<p>MELASCREEN Cr\u00e8me Anti-Imperfections SPF50+ est la premi\u00e8re cr\u00e8me anti-imperfections quotidienne \u00e0 tr\u00e8s haute protection qui pr\u00e9vient les taches brunes et r\u00e9duit leur apparence. En m\u00eame temps, il prot\u00e8ge la peau des UVB, des UVA courts et longs, de la lumi\u00e8re bleue et des effets nocifs de la pollution. Peaux s\u00e8ches.<\/p>\n","protected":false},"featured_media":3741,"comment_status":"open","ping_status":"closed","template":"","meta":[],"product_brand":[],"product_cat":[2943],"product_tag":[],"class_list":{"0":"post-5178","1":"product","2":"type-product","3":"status-publish","4":"has-post-thumbnail","6":"product_cat-ducray-soins-anti-age-et-anti-rides-cremes-solaires","8":"first","9":"instock","10":"sale","11":"taxable","12":"shipping-taxable","13":"purchasable","14":"product-type-simple"},"_links":{"self":[{"href":"http:\/\/www.yespara.tn\/index.php?rest_route=\/wp\/v2\/product\/5178","targetHints":{"allow":["GET"]}}],"collection":[{"href":"http:\/\/www.yespara.tn\/index.php?rest_route=\/wp\/v2\/product"}],"about":[{"href":"http:\/\/www.yespara.tn\/index.php?rest_route=\/wp\/v2\/types\/product"}],"replies":[{"embeddable":true,"href":"http:\/\/www.yespara.tn\/index.php?rest_route=%2Fwp%2Fv2%2Fcomments&post=5178"}],"wp:featuredmedia":[{"embeddable":true,"href":"http:\/\/www.yespara.tn\/index.php?rest_route=\/wp\/v2\/media\/3741"}],"wp:attachment":[{"href":"http:\/\/www.yespara.tn\/index.php?rest_route=%2Fwp%2Fv2%2Fmedia&parent=5178"}],"wp:term":[{"taxonomy":"product_brand","embeddable":true,"href":"http:\/\/www.yespara.tn\/index.php?rest_route=%2Fwp%2Fv2%2Fproduct_brand&post=5178"},{"taxonomy":"product_cat","embeddable":true,"href":"http:\/\/www.yespara.tn\/index.php?rest_route=%2Fwp%2Fv2%2Fproduct_cat&post=5178"},{"taxonomy":"product_tag","embeddable":true,"href":"http:\/\/www.yespara.tn\/index.php?rest_route=%2Fwp%2Fv2%2Fproduct_tag&post=5178"}],"curies":[{"name":"wp","href":"https:\/\/api.w.org\/{rel}","templated":true}]}}