{"id":5177,"date":"2026-03-01T01:06:30","date_gmt":"2026-03-01T00:06:30","guid":{"rendered":"http:\/\/198.46.190.232\/mypara\/?product=svr-cicavit-creme-solaire-spf50-40ml"},"modified":"2026-03-01T01:06:30","modified_gmt":"2026-03-01T00:06:30","slug":"svr-cicavit-creme-solaire-spf50-40ml","status":"publish","type":"product","link":"http:\/\/www.yespara.tn\/?product=svr-cicavit-creme-solaire-spf50-40ml","title":{"rendered":"SVR cicavit+ CREME SOLAIRE SPF50+ 40ml"},"content":{"rendered":"","protected":false},"excerpt":{"rendered":"<p>CICAVIT+ Cr\u00e8me SPF50+ est un soin apaisant intense qui acc\u00e9l\u00e8re la r\u00e9paration cutan\u00e9e X7 et cible tous les types de rayons pour limiter les risques de marques rouges et brunes.<\/p>\n","protected":false},"featured_media":4868,"comment_status":"open","ping_status":"closed","template":"","meta":[],"product_brand":[],"product_cat":[3323],"product_tag":[],"class_list":{"0":"post-5177","1":"product","2":"type-product","3":"status-publish","4":"has-post-thumbnail","6":"product_cat-svr-soins-solaires-cremes-solaires","8":"first","9":"instock","10":"sale","11":"taxable","12":"shipping-taxable","13":"purchasable","14":"product-type-simple"},"_links":{"self":[{"href":"http:\/\/www.yespara.tn\/index.php?rest_route=\/wp\/v2\/product\/5177","targetHints":{"allow":["GET"]}}],"collection":[{"href":"http:\/\/www.yespara.tn\/index.php?rest_route=\/wp\/v2\/product"}],"about":[{"href":"http:\/\/www.yespara.tn\/index.php?rest_route=\/wp\/v2\/types\/product"}],"replies":[{"embeddable":true,"href":"http:\/\/www.yespara.tn\/index.php?rest_route=%2Fwp%2Fv2%2Fcomments&post=5177"}],"wp:featuredmedia":[{"embeddable":true,"href":"http:\/\/www.yespara.tn\/index.php?rest_route=\/wp\/v2\/media\/4868"}],"wp:attachment":[{"href":"http:\/\/www.yespara.tn\/index.php?rest_route=%2Fwp%2Fv2%2Fmedia&parent=5177"}],"wp:term":[{"taxonomy":"product_brand","embeddable":true,"href":"http:\/\/www.yespara.tn\/index.php?rest_route=%2Fwp%2Fv2%2Fproduct_brand&post=5177"},{"taxonomy":"product_cat","embeddable":true,"href":"http:\/\/www.yespara.tn\/index.php?rest_route=%2Fwp%2Fv2%2Fproduct_cat&post=5177"},{"taxonomy":"product_tag","embeddable":true,"href":"http:\/\/www.yespara.tn\/index.php?rest_route=%2Fwp%2Fv2%2Fproduct_tag&post=5177"}],"curies":[{"name":"wp","href":"https:\/\/api.w.org\/{rel}","templated":true}]}}