{"id":5176,"date":"2026-03-01T01:06:30","date_gmt":"2026-03-01T00:06:30","guid":{"rendered":"http:\/\/198.46.190.232\/mypara\/?product=svr-ak-secure-protect-dm-spf50-50ml"},"modified":"2026-03-01T01:06:30","modified_gmt":"2026-03-01T00:06:30","slug":"svr-ak-secure-protect-dm-spf50-50ml","status":"publish","type":"product","link":"http:\/\/www.yespara.tn\/?product=svr-ak-secure-protect-dm-spf50-50ml","title":{"rendered":"SVR ak SECURE protect dm SPF50+ 50ml"},"content":{"rendered":"","protected":false},"excerpt":{"rendered":"<p>AK SECURE DM Protect est le 1er\u00a0dispositif m\u00e9dical chez SVR\u00a0qui a \u00e9t\u00e9 d\u00e9velopp\u00e9 pour les peaux hypersensibles au soleil ou \u00e0 risques\u00a0: phototypes clairs I et II ou immunosupprim\u00e9s.<\/p>\n","protected":false},"featured_media":4866,"comment_status":"open","ping_status":"closed","template":"","meta":[],"product_brand":[],"product_cat":[3323],"product_tag":[],"class_list":{"0":"post-5176","1":"product","2":"type-product","3":"status-publish","4":"has-post-thumbnail","6":"product_cat-svr-soins-solaires-cremes-solaires","8":"first","9":"instock","10":"sale","11":"taxable","12":"shipping-taxable","13":"purchasable","14":"product-type-simple"},"_links":{"self":[{"href":"http:\/\/www.yespara.tn\/index.php?rest_route=\/wp\/v2\/product\/5176","targetHints":{"allow":["GET"]}}],"collection":[{"href":"http:\/\/www.yespara.tn\/index.php?rest_route=\/wp\/v2\/product"}],"about":[{"href":"http:\/\/www.yespara.tn\/index.php?rest_route=\/wp\/v2\/types\/product"}],"replies":[{"embeddable":true,"href":"http:\/\/www.yespara.tn\/index.php?rest_route=%2Fwp%2Fv2%2Fcomments&post=5176"}],"wp:featuredmedia":[{"embeddable":true,"href":"http:\/\/www.yespara.tn\/index.php?rest_route=\/wp\/v2\/media\/4866"}],"wp:attachment":[{"href":"http:\/\/www.yespara.tn\/index.php?rest_route=%2Fwp%2Fv2%2Fmedia&parent=5176"}],"wp:term":[{"taxonomy":"product_brand","embeddable":true,"href":"http:\/\/www.yespara.tn\/index.php?rest_route=%2Fwp%2Fv2%2Fproduct_brand&post=5176"},{"taxonomy":"product_cat","embeddable":true,"href":"http:\/\/www.yespara.tn\/index.php?rest_route=%2Fwp%2Fv2%2Fproduct_cat&post=5176"},{"taxonomy":"product_tag","embeddable":true,"href":"http:\/\/www.yespara.tn\/index.php?rest_route=%2Fwp%2Fv2%2Fproduct_tag&post=5176"}],"curies":[{"name":"wp","href":"https:\/\/api.w.org\/{rel}","templated":true}]}}