{"id":5172,"date":"2026-03-01T01:06:29","date_gmt":"2026-03-01T00:06:29","guid":{"rendered":"http:\/\/198.46.190.232\/mypara\/?product=eucerin-sun-hydro-protect-fluide-ultra-leger-invisible-spf50-50ml"},"modified":"2026-03-04T00:49:00","modified_gmt":"2026-03-03T23:49:00","slug":"eucerin-sun-hydro-protect-fluide-ultra-leger-invisible-spf50-50ml","status":"publish","type":"product","link":"http:\/\/www.yespara.tn\/?product=eucerin-sun-hydro-protect-fluide-ultra-leger-invisible-spf50-50ml","title":{"rendered":"Eucerin Sun Hydro Protect Fluide Ultra L\u00e9ger Invisible spf50+ 50ml"},"content":{"rendered":"","protected":false},"excerpt":{"rendered":"<p>Protection solaire UVA, UVB et HEV tr\u00e8s \u00e9lev\u00e9e pour le visage. Formule ultra-l\u00e9g\u00e8re \u00e0 absorption rapide avec fini invisible. Non collant, non gras, sans r\u00e9sidus.<\/p>\n","protected":false},"featured_media":4858,"comment_status":"open","ping_status":"closed","template":"","meta":[],"product_brand":[],"product_cat":[3357],"product_tag":[],"class_list":{"0":"post-5172","1":"product","2":"type-product","3":"status-publish","4":"has-post-thumbnail","6":"product_cat-eucerin-soins-solaires-cremes-solaires","8":"first","9":"outofstock","10":"sale","11":"taxable","12":"shipping-taxable","13":"purchasable","14":"product-type-simple"},"_links":{"self":[{"href":"http:\/\/www.yespara.tn\/index.php?rest_route=\/wp\/v2\/product\/5172","targetHints":{"allow":["GET"]}}],"collection":[{"href":"http:\/\/www.yespara.tn\/index.php?rest_route=\/wp\/v2\/product"}],"about":[{"href":"http:\/\/www.yespara.tn\/index.php?rest_route=\/wp\/v2\/types\/product"}],"replies":[{"embeddable":true,"href":"http:\/\/www.yespara.tn\/index.php?rest_route=%2Fwp%2Fv2%2Fcomments&post=5172"}],"wp:featuredmedia":[{"embeddable":true,"href":"http:\/\/www.yespara.tn\/index.php?rest_route=\/wp\/v2\/media\/4858"}],"wp:attachment":[{"href":"http:\/\/www.yespara.tn\/index.php?rest_route=%2Fwp%2Fv2%2Fmedia&parent=5172"}],"wp:term":[{"taxonomy":"product_brand","embeddable":true,"href":"http:\/\/www.yespara.tn\/index.php?rest_route=%2Fwp%2Fv2%2Fproduct_brand&post=5172"},{"taxonomy":"product_cat","embeddable":true,"href":"http:\/\/www.yespara.tn\/index.php?rest_route=%2Fwp%2Fv2%2Fproduct_cat&post=5172"},{"taxonomy":"product_tag","embeddable":true,"href":"http:\/\/www.yespara.tn\/index.php?rest_route=%2Fwp%2Fv2%2Fproduct_tag&post=5172"}],"curies":[{"name":"wp","href":"https:\/\/api.w.org\/{rel}","templated":true}]}}