{"id":5171,"date":"2026-03-01T01:06:29","date_gmt":"2026-03-01T00:06:29","guid":{"rendered":"http:\/\/198.46.190.232\/mypara\/?product=aderma-protect-ac-fluide-matifiant-spf50-2"},"modified":"2026-04-03T10:49:48","modified_gmt":"2026-04-03T09:49:48","slug":"aderma-protect-ac-fluide-matifiant-spf50-2","status":"publish","type":"product","link":"http:\/\/www.yespara.tn\/?product=aderma-protect-ac-fluide-matifiant-spf50-2","title":{"rendered":"Aderma Protect AC Fluide Matifiant SPF50+"},"content":{"rendered":"","protected":false},"excerpt":{"rendered":"<p>Pour les peaux grasses \u00e0 tendance acn\u00e9ique, il faut aller au-del\u00e0 des filtres solaires tout en apportant une r\u00e9ponse cibl\u00e9e. Contenance : 40 ml<\/p>\n","protected":false},"featured_media":3635,"comment_status":"open","ping_status":"closed","template":"","meta":[],"product_brand":[],"product_cat":[2883,2140],"product_tag":[],"class_list":{"0":"post-5171","1":"product","2":"type-product","3":"status-publish","4":"has-post-thumbnail","6":"product_cat-a-derma-soins-solaires-mixte-et-acne","7":"product_cat-soins-peau-grasse","9":"first","10":"outofstock","11":"sale","12":"taxable","13":"shipping-taxable","14":"purchasable","15":"product-type-simple"},"_links":{"self":[{"href":"http:\/\/www.yespara.tn\/index.php?rest_route=\/wp\/v2\/product\/5171","targetHints":{"allow":["GET"]}}],"collection":[{"href":"http:\/\/www.yespara.tn\/index.php?rest_route=\/wp\/v2\/product"}],"about":[{"href":"http:\/\/www.yespara.tn\/index.php?rest_route=\/wp\/v2\/types\/product"}],"replies":[{"embeddable":true,"href":"http:\/\/www.yespara.tn\/index.php?rest_route=%2Fwp%2Fv2%2Fcomments&post=5171"}],"wp:featuredmedia":[{"embeddable":true,"href":"http:\/\/www.yespara.tn\/index.php?rest_route=\/wp\/v2\/media\/3635"}],"wp:attachment":[{"href":"http:\/\/www.yespara.tn\/index.php?rest_route=%2Fwp%2Fv2%2Fmedia&parent=5171"}],"wp:term":[{"taxonomy":"product_brand","embeddable":true,"href":"http:\/\/www.yespara.tn\/index.php?rest_route=%2Fwp%2Fv2%2Fproduct_brand&post=5171"},{"taxonomy":"product_cat","embeddable":true,"href":"http:\/\/www.yespara.tn\/index.php?rest_route=%2Fwp%2Fv2%2Fproduct_cat&post=5171"},{"taxonomy":"product_tag","embeddable":true,"href":"http:\/\/www.yespara.tn\/index.php?rest_route=%2Fwp%2Fv2%2Fproduct_tag&post=5171"}],"curies":[{"name":"wp","href":"https:\/\/api.w.org\/{rel}","templated":true}]}}