{"id":5169,"date":"2026-03-01T01:06:29","date_gmt":"2026-03-01T00:06:29","guid":{"rendered":"http:\/\/198.46.190.232\/mypara\/?product=natessance-spray-demelant-kids-sans-rincage-150ml"},"modified":"2026-04-03T10:49:35","modified_gmt":"2026-04-03T09:49:35","slug":"natessance-spray-demelant-kids-sans-rincage-150ml","status":"publish","type":"product","link":"http:\/\/www.yespara.tn\/?product=natessance-spray-demelant-kids-sans-rincage-150ml","title":{"rendered":"natessance spray demelant kids sans rincage 150ml"},"content":{"rendered":"","protected":false},"excerpt":{"rendered":"<p>D\u00e9couvrez la gamme Natessance kids sp\u00e9cifique pour les enfants, qui combine efficacit\u00e9, certification bio et parfum ludique pour leur plus grand bonheur. Fini les cheveux tout emm\u00eal\u00e9s et qui tire ! Gr\u00e2ce \u00e0 cette lotion d\u00e9m\u00ealante Natessance kids se coiffer devient un vrai jeu d\u2019enfant. Pratique \u00e0 appliquer gr\u00e2ce \u00e0 son spray, elle est garantie sans sulfates. Son parfum citron orange est 100% bio. Les n\u0153uds disparaissent pour laisser la place \u00e0 des cheveux tout doux et soyeux.<\/p>\n","protected":false},"featured_media":4848,"comment_status":"open","ping_status":"closed","template":"","meta":[],"product_brand":[],"product_cat":[3365],"product_tag":[],"class_list":{"0":"post-5169","1":"product","2":"type-product","3":"status-publish","4":"has-post-thumbnail","6":"product_cat-natessance","8":"first","9":"outofstock","10":"sale","11":"taxable","12":"shipping-taxable","13":"purchasable","14":"product-type-simple"},"_links":{"self":[{"href":"http:\/\/www.yespara.tn\/index.php?rest_route=\/wp\/v2\/product\/5169","targetHints":{"allow":["GET"]}}],"collection":[{"href":"http:\/\/www.yespara.tn\/index.php?rest_route=\/wp\/v2\/product"}],"about":[{"href":"http:\/\/www.yespara.tn\/index.php?rest_route=\/wp\/v2\/types\/product"}],"replies":[{"embeddable":true,"href":"http:\/\/www.yespara.tn\/index.php?rest_route=%2Fwp%2Fv2%2Fcomments&post=5169"}],"wp:featuredmedia":[{"embeddable":true,"href":"http:\/\/www.yespara.tn\/index.php?rest_route=\/wp\/v2\/media\/4848"}],"wp:attachment":[{"href":"http:\/\/www.yespara.tn\/index.php?rest_route=%2Fwp%2Fv2%2Fmedia&parent=5169"}],"wp:term":[{"taxonomy":"product_brand","embeddable":true,"href":"http:\/\/www.yespara.tn\/index.php?rest_route=%2Fwp%2Fv2%2Fproduct_brand&post=5169"},{"taxonomy":"product_cat","embeddable":true,"href":"http:\/\/www.yespara.tn\/index.php?rest_route=%2Fwp%2Fv2%2Fproduct_cat&post=5169"},{"taxonomy":"product_tag","embeddable":true,"href":"http:\/\/www.yespara.tn\/index.php?rest_route=%2Fwp%2Fv2%2Fproduct_tag&post=5169"}],"curies":[{"name":"wp","href":"https:\/\/api.w.org\/{rel}","templated":true}]}}