{"id":5161,"date":"2026-03-01T01:06:27","date_gmt":"2026-03-01T00:06:27","guid":{"rendered":"http:\/\/198.46.190.232\/mypara\/?product=cetaphil-sun-face-fluid-teinte-light-medium-spf50-50ml"},"modified":"2026-03-04T00:49:00","modified_gmt":"2026-03-03T23:49:00","slug":"cetaphil-sun-face-fluid-teinte-light-medium-spf50-50ml","status":"publish","type":"product","link":"http:\/\/www.yespara.tn\/?product=cetaphil-sun-face-fluid-teinte-light-medium-spf50-50ml","title":{"rendered":"Cetaphil sun face fluid teinte light medium spf50+, 50ml"},"content":{"rendered":"","protected":false},"excerpt":{"rendered":"<p>Cetaphil Sun Face Fluid r\u00e9gulateur teint\u00e9 est une protection solaire quotidienne pour le visage. Sa texture ultra l\u00e9g\u00e8re matifie la peau et r\u00e9gule la production de s\u00e9bum pour une action anti brillance.<\/p>\n","protected":false},"featured_media":4831,"comment_status":"open","ping_status":"closed","template":"","meta":[],"product_brand":[],"product_cat":[3360],"product_tag":[],"class_list":{"0":"post-5161","1":"product","2":"type-product","3":"status-publish","4":"has-post-thumbnail","6":"product_cat-cetaphil-soins-solaires-2","8":"first","9":"outofstock","10":"sale","11":"taxable","12":"shipping-taxable","13":"purchasable","14":"product-type-simple"},"_links":{"self":[{"href":"http:\/\/www.yespara.tn\/index.php?rest_route=\/wp\/v2\/product\/5161","targetHints":{"allow":["GET"]}}],"collection":[{"href":"http:\/\/www.yespara.tn\/index.php?rest_route=\/wp\/v2\/product"}],"about":[{"href":"http:\/\/www.yespara.tn\/index.php?rest_route=\/wp\/v2\/types\/product"}],"replies":[{"embeddable":true,"href":"http:\/\/www.yespara.tn\/index.php?rest_route=%2Fwp%2Fv2%2Fcomments&post=5161"}],"wp:featuredmedia":[{"embeddable":true,"href":"http:\/\/www.yespara.tn\/index.php?rest_route=\/wp\/v2\/media\/4831"}],"wp:attachment":[{"href":"http:\/\/www.yespara.tn\/index.php?rest_route=%2Fwp%2Fv2%2Fmedia&parent=5161"}],"wp:term":[{"taxonomy":"product_brand","embeddable":true,"href":"http:\/\/www.yespara.tn\/index.php?rest_route=%2Fwp%2Fv2%2Fproduct_brand&post=5161"},{"taxonomy":"product_cat","embeddable":true,"href":"http:\/\/www.yespara.tn\/index.php?rest_route=%2Fwp%2Fv2%2Fproduct_cat&post=5161"},{"taxonomy":"product_tag","embeddable":true,"href":"http:\/\/www.yespara.tn\/index.php?rest_route=%2Fwp%2Fv2%2Fproduct_tag&post=5161"}],"curies":[{"name":"wp","href":"https:\/\/api.w.org\/{rel}","templated":true}]}}