{"id":5160,"date":"2026-03-01T01:06:26","date_gmt":"2026-03-01T00:06:26","guid":{"rendered":"http:\/\/198.46.190.232\/mypara\/?product=dermacare-photosun-creme-fini-invisible-50ml"},"modified":"2026-03-25T16:03:22","modified_gmt":"2026-03-25T15:03:22","slug":"dermacare-photosun-creme-fini-invisible-50ml","status":"publish","type":"product","link":"http:\/\/www.yespara.tn\/?product=dermacare-photosun-creme-fini-invisible-50ml","title":{"rendered":"DERMACARE PHOTOSUN CREME FINI INVISIBLE 50ML"},"content":{"rendered":"","protected":false},"excerpt":{"rendered":"<p>Cr\u00e8me confort fondante et matifiante tr\u00e8s haute protection qui prot\u00e8ge la peau des UVA et des UVB , des infrarouges et de la lumi\u00e8re bleue naturelle et artificielle .<\/p>\n","protected":false},"featured_media":4829,"comment_status":"open","ping_status":"closed","template":"","meta":[],"product_brand":[],"product_cat":[3359],"product_tag":[],"class_list":{"0":"post-5160","1":"product","2":"type-product","3":"status-publish","4":"has-post-thumbnail","6":"product_cat-dermacare-soins-solaires-2","8":"first","9":"instock","10":"sale","11":"taxable","12":"shipping-taxable","13":"purchasable","14":"product-type-simple"},"_links":{"self":[{"href":"http:\/\/www.yespara.tn\/index.php?rest_route=\/wp\/v2\/product\/5160","targetHints":{"allow":["GET"]}}],"collection":[{"href":"http:\/\/www.yespara.tn\/index.php?rest_route=\/wp\/v2\/product"}],"about":[{"href":"http:\/\/www.yespara.tn\/index.php?rest_route=\/wp\/v2\/types\/product"}],"replies":[{"embeddable":true,"href":"http:\/\/www.yespara.tn\/index.php?rest_route=%2Fwp%2Fv2%2Fcomments&post=5160"}],"wp:featuredmedia":[{"embeddable":true,"href":"http:\/\/www.yespara.tn\/index.php?rest_route=\/wp\/v2\/media\/4829"}],"wp:attachment":[{"href":"http:\/\/www.yespara.tn\/index.php?rest_route=%2Fwp%2Fv2%2Fmedia&parent=5160"}],"wp:term":[{"taxonomy":"product_brand","embeddable":true,"href":"http:\/\/www.yespara.tn\/index.php?rest_route=%2Fwp%2Fv2%2Fproduct_brand&post=5160"},{"taxonomy":"product_cat","embeddable":true,"href":"http:\/\/www.yespara.tn\/index.php?rest_route=%2Fwp%2Fv2%2Fproduct_cat&post=5160"},{"taxonomy":"product_tag","embeddable":true,"href":"http:\/\/www.yespara.tn\/index.php?rest_route=%2Fwp%2Fv2%2Fproduct_tag&post=5160"}],"curies":[{"name":"wp","href":"https:\/\/api.w.org\/{rel}","templated":true}]}}