{"id":5158,"date":"2026-03-01T01:06:26","date_gmt":"2026-03-01T00:06:26","guid":{"rendered":"http:\/\/198.46.190.232\/mypara\/?product=esthelle-sun-protect-invisible-spf-50"},"modified":"2026-04-03T10:51:31","modified_gmt":"2026-04-03T09:51:31","slug":"esthelle-sun-protect-invisible-spf-50","status":"publish","type":"product","link":"http:\/\/www.yespara.tn\/?product=esthelle-sun-protect-invisible-spf-50","title":{"rendered":"Esthelle sun protect invisible spf 50+"},"content":{"rendered":"","protected":false},"excerpt":{"rendered":"<p>Sun protect SOLAIRE int\u00e8gre une protection solaire \u00e0 l\u2019indice SPF 50+, PA+++ Il s\u2019agit donc d\u2019une barri\u00e8re assez \u00e9lev\u00e9e et id\u00e9ale pour pr\u00e9server le capital solaire de votre peau.<\/p>\n","protected":false},"featured_media":4825,"comment_status":"open","ping_status":"closed","template":"","meta":[],"product_brand":[],"product_cat":[3358],"product_tag":[],"class_list":{"0":"post-5158","1":"product","2":"type-product","3":"status-publish","4":"has-post-thumbnail","6":"product_cat-esthelle-soins-solaires-2","8":"first","9":"instock","10":"sale","11":"taxable","12":"shipping-taxable","13":"purchasable","14":"product-type-simple"},"_links":{"self":[{"href":"http:\/\/www.yespara.tn\/index.php?rest_route=\/wp\/v2\/product\/5158","targetHints":{"allow":["GET"]}}],"collection":[{"href":"http:\/\/www.yespara.tn\/index.php?rest_route=\/wp\/v2\/product"}],"about":[{"href":"http:\/\/www.yespara.tn\/index.php?rest_route=\/wp\/v2\/types\/product"}],"replies":[{"embeddable":true,"href":"http:\/\/www.yespara.tn\/index.php?rest_route=%2Fwp%2Fv2%2Fcomments&post=5158"}],"wp:featuredmedia":[{"embeddable":true,"href":"http:\/\/www.yespara.tn\/index.php?rest_route=\/wp\/v2\/media\/4825"}],"wp:attachment":[{"href":"http:\/\/www.yespara.tn\/index.php?rest_route=%2Fwp%2Fv2%2Fmedia&parent=5158"}],"wp:term":[{"taxonomy":"product_brand","embeddable":true,"href":"http:\/\/www.yespara.tn\/index.php?rest_route=%2Fwp%2Fv2%2Fproduct_brand&post=5158"},{"taxonomy":"product_cat","embeddable":true,"href":"http:\/\/www.yespara.tn\/index.php?rest_route=%2Fwp%2Fv2%2Fproduct_cat&post=5158"},{"taxonomy":"product_tag","embeddable":true,"href":"http:\/\/www.yespara.tn\/index.php?rest_route=%2Fwp%2Fv2%2Fproduct_tag&post=5158"}],"curies":[{"name":"wp","href":"https:\/\/api.w.org\/{rel}","templated":true}]}}