{"id":5155,"date":"2026-03-01T01:06:25","date_gmt":"2026-03-01T00:06:25","guid":{"rendered":"http:\/\/198.46.190.232\/mypara\/?product=eucerin-sun-protection-sensitive-protect-creme-spf-50-50-ml"},"modified":"2026-03-04T00:49:00","modified_gmt":"2026-03-03T23:49:00","slug":"eucerin-sun-protection-sensitive-protect-creme-spf-50-50-ml","status":"publish","type":"product","link":"http:\/\/www.yespara.tn\/?product=eucerin-sun-protection-sensitive-protect-creme-spf-50-50-ml","title":{"rendered":"Eucerin Sun Protection Sensitive Protect Cr\u00e8me Spf 50+ 50 ml"},"content":{"rendered":"","protected":false},"excerpt":{"rendered":"<p>Principaux avantages Tr\u00e8s haute protection solaire pour le visage Technologie Spectrale Avanc\u00e9e : protection contre les UVA\/UVB et la lumi\u00e8re HEVIS Convient aux peaux s\u00e8ches et sensibles, m\u00eame pour les peaux \u00e0 tendance atopique Une cr\u00e8me solaire hautement efficace pour prot\u00e9ger et apaiser la peau s\u00e8che et sensible<\/p>\n","protected":false},"featured_media":4818,"comment_status":"open","ping_status":"closed","template":"","meta":[],"product_brand":[],"product_cat":[3357],"product_tag":[],"class_list":{"0":"post-5155","1":"product","2":"type-product","3":"status-publish","4":"has-post-thumbnail","6":"product_cat-eucerin-soins-solaires-cremes-solaires","8":"first","9":"outofstock","10":"sale","11":"taxable","12":"shipping-taxable","13":"purchasable","14":"product-type-simple"},"_links":{"self":[{"href":"http:\/\/www.yespara.tn\/index.php?rest_route=\/wp\/v2\/product\/5155","targetHints":{"allow":["GET"]}}],"collection":[{"href":"http:\/\/www.yespara.tn\/index.php?rest_route=\/wp\/v2\/product"}],"about":[{"href":"http:\/\/www.yespara.tn\/index.php?rest_route=\/wp\/v2\/types\/product"}],"replies":[{"embeddable":true,"href":"http:\/\/www.yespara.tn\/index.php?rest_route=%2Fwp%2Fv2%2Fcomments&post=5155"}],"wp:featuredmedia":[{"embeddable":true,"href":"http:\/\/www.yespara.tn\/index.php?rest_route=\/wp\/v2\/media\/4818"}],"wp:attachment":[{"href":"http:\/\/www.yespara.tn\/index.php?rest_route=%2Fwp%2Fv2%2Fmedia&parent=5155"}],"wp:term":[{"taxonomy":"product_brand","embeddable":true,"href":"http:\/\/www.yespara.tn\/index.php?rest_route=%2Fwp%2Fv2%2Fproduct_brand&post=5155"},{"taxonomy":"product_cat","embeddable":true,"href":"http:\/\/www.yespara.tn\/index.php?rest_route=%2Fwp%2Fv2%2Fproduct_cat&post=5155"},{"taxonomy":"product_tag","embeddable":true,"href":"http:\/\/www.yespara.tn\/index.php?rest_route=%2Fwp%2Fv2%2Fproduct_tag&post=5155"}],"curies":[{"name":"wp","href":"https:\/\/api.w.org\/{rel}","templated":true}]}}