{"id":5153,"date":"2026-03-01T01:06:25","date_gmt":"2026-03-01T00:06:25","guid":{"rendered":"http:\/\/198.46.190.232\/mypara\/?product=svr-sun-secure-blur-spf50-sans-parfum-50ml"},"modified":"2026-03-01T01:06:25","modified_gmt":"2026-03-01T00:06:25","slug":"svr-sun-secure-blur-spf50-sans-parfum-50ml","status":"publish","type":"product","link":"http:\/\/www.yespara.tn\/?product=svr-sun-secure-blur-spf50-sans-parfum-50ml","title":{"rendered":"SVR Sun Secure Blur SPF50+ SANS PARFUM 50ml"},"content":{"rendered":"","protected":false},"excerpt":{"rendered":"<p>SVR SUN SECURE Blur mousse sans parfum SPF50+, 50 ml est une cr\u00e8me au d\u00e9licat parfum d\u2019\u00e9t\u00e9 de tr\u00e8s haute protection, dont la texture mousse est in\u00e9dite, elle fond instantan\u00e9ment pour flouter les d\u00e9fauts et unifier la peau visiblement.<\/p>\n","protected":false},"featured_media":4813,"comment_status":"open","ping_status":"closed","template":"","meta":[],"product_brand":[],"product_cat":[3323],"product_tag":[2720,3355,3168],"class_list":{"0":"post-5153","1":"product","2":"type-product","3":"status-publish","4":"has-post-thumbnail","6":"product_cat-svr-soins-solaires-cremes-solaires","7":"product_tag-solaire","8":"product_tag-spf-50","9":"product_tag-svr","11":"first","12":"instock","13":"sale","14":"taxable","15":"shipping-taxable","16":"purchasable","17":"product-type-simple"},"_links":{"self":[{"href":"http:\/\/www.yespara.tn\/index.php?rest_route=\/wp\/v2\/product\/5153","targetHints":{"allow":["GET"]}}],"collection":[{"href":"http:\/\/www.yespara.tn\/index.php?rest_route=\/wp\/v2\/product"}],"about":[{"href":"http:\/\/www.yespara.tn\/index.php?rest_route=\/wp\/v2\/types\/product"}],"replies":[{"embeddable":true,"href":"http:\/\/www.yespara.tn\/index.php?rest_route=%2Fwp%2Fv2%2Fcomments&post=5153"}],"wp:featuredmedia":[{"embeddable":true,"href":"http:\/\/www.yespara.tn\/index.php?rest_route=\/wp\/v2\/media\/4813"}],"wp:attachment":[{"href":"http:\/\/www.yespara.tn\/index.php?rest_route=%2Fwp%2Fv2%2Fmedia&parent=5153"}],"wp:term":[{"taxonomy":"product_brand","embeddable":true,"href":"http:\/\/www.yespara.tn\/index.php?rest_route=%2Fwp%2Fv2%2Fproduct_brand&post=5153"},{"taxonomy":"product_cat","embeddable":true,"href":"http:\/\/www.yespara.tn\/index.php?rest_route=%2Fwp%2Fv2%2Fproduct_cat&post=5153"},{"taxonomy":"product_tag","embeddable":true,"href":"http:\/\/www.yespara.tn\/index.php?rest_route=%2Fwp%2Fv2%2Fproduct_tag&post=5153"}],"curies":[{"name":"wp","href":"https:\/\/api.w.org\/{rel}","templated":true}]}}