{"id":5152,"date":"2026-03-01T01:06:25","date_gmt":"2026-03-01T00:06:25","guid":{"rendered":"http:\/\/198.46.190.232\/mypara\/?product=la-roche-posay-anthelios-uvmune-400-creme-hydratante-invi"},"modified":"2026-04-03T10:52:52","modified_gmt":"2026-04-03T09:52:52","slug":"la-roche-posay-anthelios-uvmune-400-creme-hydratante-invi","status":"publish","type":"product","link":"http:\/\/www.yespara.tn\/?product=la-roche-posay-anthelios-uvmune-400-creme-hydratante-invi","title":{"rendered":"LA ROCHE POSAY ANTHELIOS UVMUNE 400 CREME HYDRATANTE INVI"},"content":{"rendered":"","protected":false},"excerpt":{"rendered":"<p>Tr\u00e8s haute protection UVA, UVB et UVA ultra-longs Ultra-r\u00e9sistance : eau et sable. Haute tol\u00e9rance : ne pique pas les yeux Texture invisible et l\u00e9g\u00e8re et sans parfum.<\/p>\n","protected":false},"featured_media":4811,"comment_status":"open","ping_status":"closed","template":"","meta":[],"product_brand":[],"product_cat":[3337],"product_tag":[],"class_list":{"0":"post-5152","1":"product","2":"type-product","3":"status-publish","4":"has-post-thumbnail","6":"product_cat-la-roche-posay-soins-solaires-cremes-solaires","8":"first","9":"instock","10":"sale","11":"taxable","12":"shipping-taxable","13":"purchasable","14":"product-type-simple"},"_links":{"self":[{"href":"http:\/\/www.yespara.tn\/index.php?rest_route=\/wp\/v2\/product\/5152","targetHints":{"allow":["GET"]}}],"collection":[{"href":"http:\/\/www.yespara.tn\/index.php?rest_route=\/wp\/v2\/product"}],"about":[{"href":"http:\/\/www.yespara.tn\/index.php?rest_route=\/wp\/v2\/types\/product"}],"replies":[{"embeddable":true,"href":"http:\/\/www.yespara.tn\/index.php?rest_route=%2Fwp%2Fv2%2Fcomments&post=5152"}],"wp:featuredmedia":[{"embeddable":true,"href":"http:\/\/www.yespara.tn\/index.php?rest_route=\/wp\/v2\/media\/4811"}],"wp:attachment":[{"href":"http:\/\/www.yespara.tn\/index.php?rest_route=%2Fwp%2Fv2%2Fmedia&parent=5152"}],"wp:term":[{"taxonomy":"product_brand","embeddable":true,"href":"http:\/\/www.yespara.tn\/index.php?rest_route=%2Fwp%2Fv2%2Fproduct_brand&post=5152"},{"taxonomy":"product_cat","embeddable":true,"href":"http:\/\/www.yespara.tn\/index.php?rest_route=%2Fwp%2Fv2%2Fproduct_cat&post=5152"},{"taxonomy":"product_tag","embeddable":true,"href":"http:\/\/www.yespara.tn\/index.php?rest_route=%2Fwp%2Fv2%2Fproduct_tag&post=5152"}],"curies":[{"name":"wp","href":"https:\/\/api.w.org\/{rel}","templated":true}]}}