{"id":5147,"date":"2026-03-01T01:06:24","date_gmt":"2026-03-01T00:06:24","guid":{"rendered":"http:\/\/198.46.190.232\/mypara\/?product=dermacare-huile-seche-pailletee-50ml"},"modified":"2026-04-03T10:53:16","modified_gmt":"2026-04-03T09:53:16","slug":"dermacare-huile-seche-pailletee-50ml","status":"publish","type":"product","link":"http:\/\/www.yespara.tn\/?product=dermacare-huile-seche-pailletee-50ml","title":{"rendered":"Dermacare Huile S\u00e8che Paillet\u00e9e 50ml"},"content":{"rendered":"","protected":false},"excerpt":{"rendered":"<p>L\u2019Huile S\u00e8che Paillet\u00e9e Dermacare iris\u00e9e constitue un soin exceptionnel aux vertus anti-oxydantes, et laisse sur votre peau des \u00e9clats scintillants dor\u00e9s et de somptueux reflets paillet\u00e9s.<\/p>\n","protected":false},"featured_media":4802,"comment_status":"open","ping_status":"closed","template":"","meta":[],"product_brand":[],"product_cat":[3352],"product_tag":[],"class_list":{"0":"post-5147","1":"product","2":"type-product","3":"status-publish","4":"has-post-thumbnail","6":"product_cat-dermacare-spray-solaires-et-autobronzant","8":"first","9":"outofstock","10":"sale","11":"taxable","12":"shipping-taxable","13":"purchasable","14":"product-type-simple"},"_links":{"self":[{"href":"http:\/\/www.yespara.tn\/index.php?rest_route=\/wp\/v2\/product\/5147","targetHints":{"allow":["GET"]}}],"collection":[{"href":"http:\/\/www.yespara.tn\/index.php?rest_route=\/wp\/v2\/product"}],"about":[{"href":"http:\/\/www.yespara.tn\/index.php?rest_route=\/wp\/v2\/types\/product"}],"replies":[{"embeddable":true,"href":"http:\/\/www.yespara.tn\/index.php?rest_route=%2Fwp%2Fv2%2Fcomments&post=5147"}],"wp:featuredmedia":[{"embeddable":true,"href":"http:\/\/www.yespara.tn\/index.php?rest_route=\/wp\/v2\/media\/4802"}],"wp:attachment":[{"href":"http:\/\/www.yespara.tn\/index.php?rest_route=%2Fwp%2Fv2%2Fmedia&parent=5147"}],"wp:term":[{"taxonomy":"product_brand","embeddable":true,"href":"http:\/\/www.yespara.tn\/index.php?rest_route=%2Fwp%2Fv2%2Fproduct_brand&post=5147"},{"taxonomy":"product_cat","embeddable":true,"href":"http:\/\/www.yespara.tn\/index.php?rest_route=%2Fwp%2Fv2%2Fproduct_cat&post=5147"},{"taxonomy":"product_tag","embeddable":true,"href":"http:\/\/www.yespara.tn\/index.php?rest_route=%2Fwp%2Fv2%2Fproduct_tag&post=5147"}],"curies":[{"name":"wp","href":"https:\/\/api.w.org\/{rel}","templated":true}]}}