{"id":5144,"date":"2026-03-01T01:06:23","date_gmt":"2026-03-01T00:06:23","guid":{"rendered":"http:\/\/198.46.190.232\/mypara\/?product=isdin-ecran-active-unify-invi-fotoultra-50-ml"},"modified":"2026-03-01T01:06:23","modified_gmt":"2026-03-01T00:06:23","slug":"isdin-ecran-active-unify-invi-fotoultra-50-ml","status":"publish","type":"product","link":"http:\/\/www.yespara.tn\/?product=isdin-ecran-active-unify-invi-fotoultra-50-ml","title":{"rendered":"ISDIN ECRAN ACTIVE UNIFY INVI FOTOULTRA 50 ML"},"content":{"rendered":"","protected":false},"excerpt":{"rendered":"<p>\u2600\ufe0f Cr\u00e8me Solaire Visage SPF50+ \u2013 Haute Protection et Action \u00c9claircissante \ud83c\udf38 \u00c9claircit &#038; Unifie : Offre une protection solaire optimale tout en aidant \u00e0 r\u00e9duire les troubles pigmentaires et \u00e0 att\u00e9nuer les taches caus\u00e9es par le soleil . \u2728 Pour une peau radieuse et homog\u00e8ne : Prot\u00e8ge, illumine et sublime votre teint au quotidien.<\/p>\n","protected":false},"featured_media":4797,"comment_status":"open","ping_status":"closed","template":"","meta":[],"product_brand":[],"product_cat":[3303],"product_tag":[],"class_list":{"0":"post-5144","1":"product","2":"type-product","3":"status-publish","4":"has-post-thumbnail","6":"product_cat-isdin-soins-solaires-cremes-solaires","8":"first","9":"instock","10":"sale","11":"taxable","12":"shipping-taxable","13":"purchasable","14":"product-type-simple"},"_links":{"self":[{"href":"http:\/\/www.yespara.tn\/index.php?rest_route=\/wp\/v2\/product\/5144","targetHints":{"allow":["GET"]}}],"collection":[{"href":"http:\/\/www.yespara.tn\/index.php?rest_route=\/wp\/v2\/product"}],"about":[{"href":"http:\/\/www.yespara.tn\/index.php?rest_route=\/wp\/v2\/types\/product"}],"replies":[{"embeddable":true,"href":"http:\/\/www.yespara.tn\/index.php?rest_route=%2Fwp%2Fv2%2Fcomments&post=5144"}],"wp:featuredmedia":[{"embeddable":true,"href":"http:\/\/www.yespara.tn\/index.php?rest_route=\/wp\/v2\/media\/4797"}],"wp:attachment":[{"href":"http:\/\/www.yespara.tn\/index.php?rest_route=%2Fwp%2Fv2%2Fmedia&parent=5144"}],"wp:term":[{"taxonomy":"product_brand","embeddable":true,"href":"http:\/\/www.yespara.tn\/index.php?rest_route=%2Fwp%2Fv2%2Fproduct_brand&post=5144"},{"taxonomy":"product_cat","embeddable":true,"href":"http:\/\/www.yespara.tn\/index.php?rest_route=%2Fwp%2Fv2%2Fproduct_cat&post=5144"},{"taxonomy":"product_tag","embeddable":true,"href":"http:\/\/www.yespara.tn\/index.php?rest_route=%2Fwp%2Fv2%2Fproduct_tag&post=5144"}],"curies":[{"name":"wp","href":"https:\/\/api.w.org\/{rel}","templated":true}]}}