{"id":5135,"date":"2026-03-01T01:06:21","date_gmt":"2026-03-01T00:06:21","guid":{"rendered":"http:\/\/198.46.190.232\/mypara\/?product=pharmaceris-spectrum-ecran-spf50-2eme-gratuit"},"modified":"2026-03-04T13:27:00","modified_gmt":"2026-03-04T12:27:00","slug":"pharmaceris-spectrum-ecran-spf50-2eme-gratuit","status":"publish","type":"product","link":"http:\/\/www.yespara.tn\/?product=pharmaceris-spectrum-ecran-spf50-2eme-gratuit","title":{"rendered":"Pharmaceris Spectrum \u00c9cran SPF50+ \u2013 2\u00e8me Gratuit"},"content":{"rendered":"","protected":false},"excerpt":{"rendered":"<p>Profitez de Pharmaceris Spectrum \u00c9cran SPF50+ avec notre offre sp\u00e9ciale : achetez-en un et recevez le deuxi\u00e8me gratuitement. Protection solaire \u00e0 large spectre, id\u00e9ale pour les peaux sensibles et d\u00e9licates. Disponible chez MS PARA, votre parapharmacie en ligne en Tunisie.<\/p>\n","protected":false},"featured_media":4766,"comment_status":"open","ping_status":"closed","template":"","meta":[],"product_brand":[],"product_cat":[3347],"product_tag":[],"class_list":{"0":"post-5135","1":"product","2":"type-product","3":"status-publish","4":"has-post-thumbnail","6":"product_cat-pharmaceris-soins-solaires-cremes-solaires","8":"first","9":"instock","10":"sale","11":"taxable","12":"shipping-taxable","13":"purchasable","14":"product-type-simple"},"_links":{"self":[{"href":"http:\/\/www.yespara.tn\/index.php?rest_route=\/wp\/v2\/product\/5135","targetHints":{"allow":["GET"]}}],"collection":[{"href":"http:\/\/www.yespara.tn\/index.php?rest_route=\/wp\/v2\/product"}],"about":[{"href":"http:\/\/www.yespara.tn\/index.php?rest_route=\/wp\/v2\/types\/product"}],"replies":[{"embeddable":true,"href":"http:\/\/www.yespara.tn\/index.php?rest_route=%2Fwp%2Fv2%2Fcomments&post=5135"}],"wp:featuredmedia":[{"embeddable":true,"href":"http:\/\/www.yespara.tn\/index.php?rest_route=\/wp\/v2\/media\/4766"}],"wp:attachment":[{"href":"http:\/\/www.yespara.tn\/index.php?rest_route=%2Fwp%2Fv2%2Fmedia&parent=5135"}],"wp:term":[{"taxonomy":"product_brand","embeddable":true,"href":"http:\/\/www.yespara.tn\/index.php?rest_route=%2Fwp%2Fv2%2Fproduct_brand&post=5135"},{"taxonomy":"product_cat","embeddable":true,"href":"http:\/\/www.yespara.tn\/index.php?rest_route=%2Fwp%2Fv2%2Fproduct_cat&post=5135"},{"taxonomy":"product_tag","embeddable":true,"href":"http:\/\/www.yespara.tn\/index.php?rest_route=%2Fwp%2Fv2%2Fproduct_tag&post=5135"}],"curies":[{"name":"wp","href":"https:\/\/api.w.org\/{rel}","templated":true}]}}