{"id":5134,"date":"2026-03-01T01:06:21","date_gmt":"2026-03-01T00:06:21","guid":{"rendered":"http:\/\/198.46.190.232\/mypara\/?product=kuora-ecran-solaire-visage-et-corps-spf50-200ml"},"modified":"2026-04-03T10:57:09","modified_gmt":"2026-04-03T09:57:09","slug":"kuora-ecran-solaire-visage-et-corps-spf50-200ml","status":"publish","type":"product","link":"http:\/\/www.yespara.tn\/?product=kuora-ecran-solaire-visage-et-corps-spf50-200ml","title":{"rendered":"KUORA \u00c9cran Solaire Visage et Corps SPF50+ 200ml"},"content":{"rendered":"","protected":false},"excerpt":{"rendered":"<p>KUORA \u00c9cran Solaire Visage et Corps SPF50+ 200 ml \u2013 Tr\u00e8s haute protection solaire SPF50+ , hydratante, l\u00e9g\u00e8re et sans traces blanches. Id\u00e9al pour visage et corps . Disponible sur MSPara.com .<\/p>\n","protected":false},"featured_media":4763,"comment_status":"open","ping_status":"closed","template":"","meta":[],"product_brand":[],"product_cat":[3346],"product_tag":[],"class_list":{"0":"post-5134","1":"product","2":"type-product","3":"status-publish","4":"has-post-thumbnail","6":"product_cat-kuora-ventes-flash-references-cremes-solaires","8":"first","9":"outofstock","10":"sale","11":"taxable","12":"shipping-taxable","13":"purchasable","14":"product-type-simple"},"_links":{"self":[{"href":"http:\/\/www.yespara.tn\/index.php?rest_route=\/wp\/v2\/product\/5134","targetHints":{"allow":["GET"]}}],"collection":[{"href":"http:\/\/www.yespara.tn\/index.php?rest_route=\/wp\/v2\/product"}],"about":[{"href":"http:\/\/www.yespara.tn\/index.php?rest_route=\/wp\/v2\/types\/product"}],"replies":[{"embeddable":true,"href":"http:\/\/www.yespara.tn\/index.php?rest_route=%2Fwp%2Fv2%2Fcomments&post=5134"}],"wp:featuredmedia":[{"embeddable":true,"href":"http:\/\/www.yespara.tn\/index.php?rest_route=\/wp\/v2\/media\/4763"}],"wp:attachment":[{"href":"http:\/\/www.yespara.tn\/index.php?rest_route=%2Fwp%2Fv2%2Fmedia&parent=5134"}],"wp:term":[{"taxonomy":"product_brand","embeddable":true,"href":"http:\/\/www.yespara.tn\/index.php?rest_route=%2Fwp%2Fv2%2Fproduct_brand&post=5134"},{"taxonomy":"product_cat","embeddable":true,"href":"http:\/\/www.yespara.tn\/index.php?rest_route=%2Fwp%2Fv2%2Fproduct_cat&post=5134"},{"taxonomy":"product_tag","embeddable":true,"href":"http:\/\/www.yespara.tn\/index.php?rest_route=%2Fwp%2Fv2%2Fproduct_tag&post=5134"}],"curies":[{"name":"wp","href":"https:\/\/api.w.org\/{rel}","templated":true}]}}