{"id":5133,"date":"2026-03-01T01:06:20","date_gmt":"2026-03-01T00:06:20","guid":{"rendered":"http:\/\/198.46.190.232\/mypara\/?product=phyteal-ecran-50teinte-beige-dore-50ml"},"modified":"2026-03-25T16:25:59","modified_gmt":"2026-03-25T15:25:59","slug":"phyteal-ecran-50teinte-beige-dore-50ml","status":"publish","type":"product","link":"http:\/\/www.yespara.tn\/?product=phyteal-ecran-50teinte-beige-dore-50ml","title":{"rendered":"PHYTEAL ECRAN 50+TEINTE BEIGE DORE 50ML"},"content":{"rendered":"","protected":false},"excerpt":{"rendered":"<p>Adapt\u00e9 aux peaux s\u00e8ches et mixtes \u00e0 tendance s\u00e8che, PHYT\u00c9AL \u00e9cran solaire teint\u00e9 beige dor\u00e9 SPF 50 UVA pr\u00e9sente une texture fluide, l\u00e9g\u00e8re et discr\u00e8te et un touch\u00e9 non gras. Il est recommand\u00e9 pour les peaux mates. PHYT\u00c9AL \u00e9cran solaire teint\u00e9 beige dor\u00e9 SPF 50 UVA combine une protection solaire, un fond de teint et une cr\u00e8me hydratante. Hypoallerg\u00e9nique, sans parab\u00e8ne, r\u00e9sistant \u00e0 l\u2019eau, aux frottements et \u00e0 la transpiration, il ne colle pas et ne pr\u00e9sente pas d\u2019effet masque. Facile \u00e0 appliquer, il p\u00e9n\u00e8tre en profondeur dans l\u2019\u00e9piderme pour une protection optimale et une haute\u00a0couvrance\u00a0!<\/p>\n","protected":false},"featured_media":4761,"comment_status":"open","ping_status":"closed","template":"","meta":[],"product_brand":[],"product_cat":[3344],"product_tag":[],"class_list":{"0":"post-5133","1":"product","2":"type-product","3":"status-publish","4":"has-post-thumbnail","6":"product_cat-phyteal-soins-solaires-cremes-solaires","8":"first","9":"instock","10":"sale","11":"taxable","12":"shipping-taxable","13":"purchasable","14":"product-type-simple"},"_links":{"self":[{"href":"http:\/\/www.yespara.tn\/index.php?rest_route=\/wp\/v2\/product\/5133","targetHints":{"allow":["GET"]}}],"collection":[{"href":"http:\/\/www.yespara.tn\/index.php?rest_route=\/wp\/v2\/product"}],"about":[{"href":"http:\/\/www.yespara.tn\/index.php?rest_route=\/wp\/v2\/types\/product"}],"replies":[{"embeddable":true,"href":"http:\/\/www.yespara.tn\/index.php?rest_route=%2Fwp%2Fv2%2Fcomments&post=5133"}],"wp:featuredmedia":[{"embeddable":true,"href":"http:\/\/www.yespara.tn\/index.php?rest_route=\/wp\/v2\/media\/4761"}],"wp:attachment":[{"href":"http:\/\/www.yespara.tn\/index.php?rest_route=%2Fwp%2Fv2%2Fmedia&parent=5133"}],"wp:term":[{"taxonomy":"product_brand","embeddable":true,"href":"http:\/\/www.yespara.tn\/index.php?rest_route=%2Fwp%2Fv2%2Fproduct_brand&post=5133"},{"taxonomy":"product_cat","embeddable":true,"href":"http:\/\/www.yespara.tn\/index.php?rest_route=%2Fwp%2Fv2%2Fproduct_cat&post=5133"},{"taxonomy":"product_tag","embeddable":true,"href":"http:\/\/www.yespara.tn\/index.php?rest_route=%2Fwp%2Fv2%2Fproduct_tag&post=5133"}],"curies":[{"name":"wp","href":"https:\/\/api.w.org\/{rel}","templated":true}]}}