{"id":5129,"date":"2026-03-01T01:06:19","date_gmt":"2026-03-01T00:06:19","guid":{"rendered":"http:\/\/198.46.190.232\/mypara\/?product=avene-cicalfate-creme-reparatrice-multi-protective-spf50-30ml"},"modified":"2026-04-03T10:58:52","modified_gmt":"2026-04-03T09:58:52","slug":"avene-cicalfate-creme-reparatrice-multi-protective-spf50-30ml","status":"publish","type":"product","link":"http:\/\/www.yespara.tn\/?product=avene-cicalfate-creme-reparatrice-multi-protective-spf50-30ml","title":{"rendered":"AVENE CICALFATE+ creme reparatrice multi protective SPF50 30ml"},"content":{"rendered":"","protected":false},"excerpt":{"rendered":"<p>Cicalfate+ cr\u00e8me r\u00e9paratrice multi-protectrice SPF50+ est pr\u00e9conis\u00e9e pour toutes les peaux irrit\u00e9es, expos\u00e9es involontairement au soleil.<\/p>\n","protected":false},"featured_media":4748,"comment_status":"open","ping_status":"closed","template":"","meta":[],"product_brand":[],"product_cat":[3342],"product_tag":[],"class_list":{"0":"post-5129","1":"product","2":"type-product","3":"status-publish","4":"has-post-thumbnail","6":"product_cat-avene-soins-solaires-cremes-solaires-enfant","8":"first","9":"outofstock","10":"sale","11":"taxable","12":"shipping-taxable","13":"purchasable","14":"product-type-simple"},"_links":{"self":[{"href":"http:\/\/www.yespara.tn\/index.php?rest_route=\/wp\/v2\/product\/5129","targetHints":{"allow":["GET"]}}],"collection":[{"href":"http:\/\/www.yespara.tn\/index.php?rest_route=\/wp\/v2\/product"}],"about":[{"href":"http:\/\/www.yespara.tn\/index.php?rest_route=\/wp\/v2\/types\/product"}],"replies":[{"embeddable":true,"href":"http:\/\/www.yespara.tn\/index.php?rest_route=%2Fwp%2Fv2%2Fcomments&post=5129"}],"wp:featuredmedia":[{"embeddable":true,"href":"http:\/\/www.yespara.tn\/index.php?rest_route=\/wp\/v2\/media\/4748"}],"wp:attachment":[{"href":"http:\/\/www.yespara.tn\/index.php?rest_route=%2Fwp%2Fv2%2Fmedia&parent=5129"}],"wp:term":[{"taxonomy":"product_brand","embeddable":true,"href":"http:\/\/www.yespara.tn\/index.php?rest_route=%2Fwp%2Fv2%2Fproduct_brand&post=5129"},{"taxonomy":"product_cat","embeddable":true,"href":"http:\/\/www.yespara.tn\/index.php?rest_route=%2Fwp%2Fv2%2Fproduct_cat&post=5129"},{"taxonomy":"product_tag","embeddable":true,"href":"http:\/\/www.yespara.tn\/index.php?rest_route=%2Fwp%2Fv2%2Fproduct_tag&post=5129"}],"curies":[{"name":"wp","href":"https:\/\/api.w.org\/{rel}","templated":true}]}}