{"id":5124,"date":"2026-03-01T01:06:18","date_gmt":"2026-03-01T00:06:18","guid":{"rendered":"http:\/\/198.46.190.232\/mypara\/?product=vichy-capital-soleil-soin-anti-taches-teintee-3en1-spf50-50ml"},"modified":"2026-03-25T18:16:39","modified_gmt":"2026-03-25T17:16:39","slug":"vichy-capital-soleil-soin-anti-taches-teintee-3en1-spf50-50ml","status":"publish","type":"product","link":"http:\/\/www.yespara.tn\/?product=vichy-capital-soleil-soin-anti-taches-teintee-3en1-spf50-50ml","title":{"rendered":"VICHY CAPITAL SOLEIL SOIN ANTI TACHES TEINTEE 3EN1 SPF50 50ML"},"content":{"rendered":"","protected":false},"excerpt":{"rendered":"<p>Adapt\u00e9 \u00e0 tous les types de peau, le soin quotidien teint\u00e9 anti-taches SPF50 Capital Soleil de Vichy permet de prot\u00e9ger la peau du soleil, d\u2019unifier le teint, de pr\u00e9venir et corriger les taches brunes.<\/p>\n","protected":false},"featured_media":4733,"comment_status":"open","ping_status":"closed","template":"","meta":[],"product_brand":[],"product_cat":[3338],"product_tag":[],"class_list":{"0":"post-5124","1":"product","2":"type-product","3":"status-publish","4":"has-post-thumbnail","6":"product_cat-vichy-soins-solaires-cremes-solaires","8":"first","9":"instock","10":"sale","11":"taxable","12":"shipping-taxable","13":"purchasable","14":"product-type-simple"},"_links":{"self":[{"href":"http:\/\/www.yespara.tn\/index.php?rest_route=\/wp\/v2\/product\/5124","targetHints":{"allow":["GET"]}}],"collection":[{"href":"http:\/\/www.yespara.tn\/index.php?rest_route=\/wp\/v2\/product"}],"about":[{"href":"http:\/\/www.yespara.tn\/index.php?rest_route=\/wp\/v2\/types\/product"}],"replies":[{"embeddable":true,"href":"http:\/\/www.yespara.tn\/index.php?rest_route=%2Fwp%2Fv2%2Fcomments&post=5124"}],"wp:featuredmedia":[{"embeddable":true,"href":"http:\/\/www.yespara.tn\/index.php?rest_route=\/wp\/v2\/media\/4733"}],"wp:attachment":[{"href":"http:\/\/www.yespara.tn\/index.php?rest_route=%2Fwp%2Fv2%2Fmedia&parent=5124"}],"wp:term":[{"taxonomy":"product_brand","embeddable":true,"href":"http:\/\/www.yespara.tn\/index.php?rest_route=%2Fwp%2Fv2%2Fproduct_brand&post=5124"},{"taxonomy":"product_cat","embeddable":true,"href":"http:\/\/www.yespara.tn\/index.php?rest_route=%2Fwp%2Fv2%2Fproduct_cat&post=5124"},{"taxonomy":"product_tag","embeddable":true,"href":"http:\/\/www.yespara.tn\/index.php?rest_route=%2Fwp%2Fv2%2Fproduct_tag&post=5124"}],"curies":[{"name":"wp","href":"https:\/\/api.w.org\/{rel}","templated":true}]}}