{"id":5123,"date":"2026-03-01T01:06:18","date_gmt":"2026-03-01T00:06:18","guid":{"rendered":"http:\/\/198.46.190.232\/mypara\/?product=clarenia-claresun-ecran-anti-age-anti-pigmentation-spf50-50ml"},"modified":"2026-04-03T11:00:00","modified_gmt":"2026-04-03T10:00:00","slug":"clarenia-claresun-ecran-anti-age-anti-pigmentation-spf50-50ml","status":"publish","type":"product","link":"http:\/\/www.yespara.tn\/?product=clarenia-claresun-ecran-anti-age-anti-pigmentation-spf50-50ml","title":{"rendered":"CLARENIA CLARESUN ECRAN ANTI AGE ANTI PIGMENTATION SPF50+ 50ML"},"content":{"rendered":"","protected":false},"excerpt":{"rendered":"<p>CLARENIA CLARESUN \u00c9cran Anti-\u00c2ge &#038; Anti-Pigmentation SPF50+ est un soin solaire multifonction qui offre une tr\u00e8s haute protection solaire tout en ciblant les signes visibles de l\u2019\u00e2ge et les taches pigmentaires . Sa formule avanc\u00e9e associe des actifs anti-UV, anti-oxydants et unificateurs de teint , id\u00e9ale pour les peaux matures ou sujettes \u00e0 l\u2019hyperpigmentation.<\/p>\n","protected":false},"featured_media":4730,"comment_status":"open","ping_status":"closed","template":"","meta":[],"product_brand":[],"product_cat":[3339],"product_tag":[],"class_list":{"0":"post-5123","1":"product","2":"type-product","3":"status-publish","4":"has-post-thumbnail","6":"product_cat-clarenia-soins-solaires-cremes-solaires","8":"first","9":"outofstock","10":"sale","11":"taxable","12":"shipping-taxable","13":"purchasable","14":"product-type-simple"},"_links":{"self":[{"href":"http:\/\/www.yespara.tn\/index.php?rest_route=\/wp\/v2\/product\/5123","targetHints":{"allow":["GET"]}}],"collection":[{"href":"http:\/\/www.yespara.tn\/index.php?rest_route=\/wp\/v2\/product"}],"about":[{"href":"http:\/\/www.yespara.tn\/index.php?rest_route=\/wp\/v2\/types\/product"}],"replies":[{"embeddable":true,"href":"http:\/\/www.yespara.tn\/index.php?rest_route=%2Fwp%2Fv2%2Fcomments&post=5123"}],"wp:featuredmedia":[{"embeddable":true,"href":"http:\/\/www.yespara.tn\/index.php?rest_route=\/wp\/v2\/media\/4730"}],"wp:attachment":[{"href":"http:\/\/www.yespara.tn\/index.php?rest_route=%2Fwp%2Fv2%2Fmedia&parent=5123"}],"wp:term":[{"taxonomy":"product_brand","embeddable":true,"href":"http:\/\/www.yespara.tn\/index.php?rest_route=%2Fwp%2Fv2%2Fproduct_brand&post=5123"},{"taxonomy":"product_cat","embeddable":true,"href":"http:\/\/www.yespara.tn\/index.php?rest_route=%2Fwp%2Fv2%2Fproduct_cat&post=5123"},{"taxonomy":"product_tag","embeddable":true,"href":"http:\/\/www.yespara.tn\/index.php?rest_route=%2Fwp%2Fv2%2Fproduct_tag&post=5123"}],"curies":[{"name":"wp","href":"https:\/\/api.w.org\/{rel}","templated":true}]}}