{"id":5122,"date":"2026-03-01T01:06:17","date_gmt":"2026-03-01T00:06:17","guid":{"rendered":"http:\/\/198.46.190.232\/mypara\/?product=vichy-capital-soleil-emulsion-toucher-sec-spf-50-50ml"},"modified":"2026-03-25T16:36:21","modified_gmt":"2026-03-25T15:36:21","slug":"vichy-capital-soleil-emulsion-toucher-sec-spf-50-50ml","status":"publish","type":"product","link":"http:\/\/www.yespara.tn\/?product=vichy-capital-soleil-emulsion-toucher-sec-spf-50-50ml","title":{"rendered":"VICHY CAPITAL SOLEIL \u00c9MULSION TOUCHER SEC SPF 50+, 50ML"},"content":{"rendered":"","protected":false},"excerpt":{"rendered":"<p>Le premier soin solaire SPF 50 au toucher sec durable sans aucune brillance. Pour les hommes et les femmes, \u00e0 la peau claire, mixte \u00e0 grasse, \u00e0 la recherche d\u2019une protection solaire qui ne fasse pas briller leur peau.<\/p>\n","protected":false},"featured_media":4728,"comment_status":"open","ping_status":"closed","template":"","meta":[],"product_brand":[],"product_cat":[3338],"product_tag":[],"class_list":{"0":"post-5122","1":"product","2":"type-product","3":"status-publish","4":"has-post-thumbnail","6":"product_cat-vichy-soins-solaires-cremes-solaires","8":"first","9":"instock","10":"sale","11":"taxable","12":"shipping-taxable","13":"purchasable","14":"product-type-simple"},"_links":{"self":[{"href":"http:\/\/www.yespara.tn\/index.php?rest_route=\/wp\/v2\/product\/5122","targetHints":{"allow":["GET"]}}],"collection":[{"href":"http:\/\/www.yespara.tn\/index.php?rest_route=\/wp\/v2\/product"}],"about":[{"href":"http:\/\/www.yespara.tn\/index.php?rest_route=\/wp\/v2\/types\/product"}],"replies":[{"embeddable":true,"href":"http:\/\/www.yespara.tn\/index.php?rest_route=%2Fwp%2Fv2%2Fcomments&post=5122"}],"wp:featuredmedia":[{"embeddable":true,"href":"http:\/\/www.yespara.tn\/index.php?rest_route=\/wp\/v2\/media\/4728"}],"wp:attachment":[{"href":"http:\/\/www.yespara.tn\/index.php?rest_route=%2Fwp%2Fv2%2Fmedia&parent=5122"}],"wp:term":[{"taxonomy":"product_brand","embeddable":true,"href":"http:\/\/www.yespara.tn\/index.php?rest_route=%2Fwp%2Fv2%2Fproduct_brand&post=5122"},{"taxonomy":"product_cat","embeddable":true,"href":"http:\/\/www.yespara.tn\/index.php?rest_route=%2Fwp%2Fv2%2Fproduct_cat&post=5122"},{"taxonomy":"product_tag","embeddable":true,"href":"http:\/\/www.yespara.tn\/index.php?rest_route=%2Fwp%2Fv2%2Fproduct_tag&post=5122"}],"curies":[{"name":"wp","href":"https:\/\/api.w.org\/{rel}","templated":true}]}}