{"id":5117,"date":"2026-03-01T01:06:16","date_gmt":"2026-03-01T00:06:16","guid":{"rendered":"http:\/\/198.46.190.232\/mypara\/?product=la-roche-posay-anthelios-post-uv-exposure-200ml"},"modified":"2026-04-03T11:01:10","modified_gmt":"2026-04-03T10:01:10","slug":"la-roche-posay-anthelios-post-uv-exposure-200ml","status":"publish","type":"product","link":"http:\/\/www.yespara.tn\/?product=la-roche-posay-anthelios-post-uv-exposure-200ml","title":{"rendered":"LA ROCHE POSAY ANTHELIOS POST-UV EXPOSURE 200ML"},"content":{"rendered":"","protected":false},"excerpt":{"rendered":"<p>\ud83c\udf2c\ufe0f Effet apaisant imm\u00e9diat \ud83d\udca7 Hydratation intense 48h \u2013 Peau souple, douce et nourrie \u2744\ufe0f Texture non grasse, rafra\u00eechissante et rapidement absorb\u00e9e \ud83c\udf3f Formule hypoallerg\u00e9nique \u2013 Sans parab\u00e8nes ni alcool \ud83e\uddf4 Renforce la barri\u00e8re cutan\u00e9e apr\u00e8s exposition solaire<\/p>\n","protected":false},"featured_media":4717,"comment_status":"open","ping_status":"closed","template":"","meta":[],"product_brand":[],"product_cat":[3337],"product_tag":[],"class_list":{"0":"post-5117","1":"product","2":"type-product","3":"status-publish","4":"has-post-thumbnail","6":"product_cat-la-roche-posay-soins-solaires-cremes-solaires","8":"first","9":"outofstock","10":"sale","11":"taxable","12":"shipping-taxable","13":"purchasable","14":"product-type-simple"},"_links":{"self":[{"href":"http:\/\/www.yespara.tn\/index.php?rest_route=\/wp\/v2\/product\/5117","targetHints":{"allow":["GET"]}}],"collection":[{"href":"http:\/\/www.yespara.tn\/index.php?rest_route=\/wp\/v2\/product"}],"about":[{"href":"http:\/\/www.yespara.tn\/index.php?rest_route=\/wp\/v2\/types\/product"}],"replies":[{"embeddable":true,"href":"http:\/\/www.yespara.tn\/index.php?rest_route=%2Fwp%2Fv2%2Fcomments&post=5117"}],"wp:featuredmedia":[{"embeddable":true,"href":"http:\/\/www.yespara.tn\/index.php?rest_route=\/wp\/v2\/media\/4717"}],"wp:attachment":[{"href":"http:\/\/www.yespara.tn\/index.php?rest_route=%2Fwp%2Fv2%2Fmedia&parent=5117"}],"wp:term":[{"taxonomy":"product_brand","embeddable":true,"href":"http:\/\/www.yespara.tn\/index.php?rest_route=%2Fwp%2Fv2%2Fproduct_brand&post=5117"},{"taxonomy":"product_cat","embeddable":true,"href":"http:\/\/www.yespara.tn\/index.php?rest_route=%2Fwp%2Fv2%2Fproduct_cat&post=5117"},{"taxonomy":"product_tag","embeddable":true,"href":"http:\/\/www.yespara.tn\/index.php?rest_route=%2Fwp%2Fv2%2Fproduct_tag&post=5117"}],"curies":[{"name":"wp","href":"https:\/\/api.w.org\/{rel}","templated":true}]}}