{"id":5115,"date":"2026-03-01T01:06:16","date_gmt":"2026-03-01T00:06:16","guid":{"rendered":"http:\/\/198.46.190.232\/mypara\/?product=vichy-capital-soleil-emulsion-toucher-sec-spf50-50-ml"},"modified":"2026-03-01T01:06:16","modified_gmt":"2026-03-01T00:06:16","slug":"vichy-capital-soleil-emulsion-toucher-sec-spf50-50-ml","status":"publish","type":"product","link":"http:\/\/www.yespara.tn\/?product=vichy-capital-soleil-emulsion-toucher-sec-spf50-50-ml","title":{"rendered":"VICHY CAPITAL SOLEIL \u00c9MULSION TOUCHER SEC SPF50 50 ML"},"content":{"rendered":"","protected":false},"excerpt":{"rendered":"<p>\ud83d\udee1\ufe0f SPF50 \u00e0 large spectre \u2013 Prot\u00e8ge efficacement contre les UVA\/UVB \u2728 Fini mat &#038; toucher sec \u2013 Id\u00e9al pour peaux brillantes ou grasses \ud83d\udca6 Texture fluide, non com\u00e9dog\u00e8ne, r\u00e9sistante \u00e0 l\u2019eau \ud83c\udf3f Formule hypoallerg\u00e9nique, sans parab\u00e8nes \ud83e\uddf4 Id\u00e9al sous le maquillage \u2013 Pas d\u2019effet gras ni luisant<\/p>\n","protected":false},"featured_media":4713,"comment_status":"open","ping_status":"closed","template":"","meta":[],"product_brand":[],"product_cat":[3338],"product_tag":[],"class_list":{"0":"post-5115","1":"product","2":"type-product","3":"status-publish","4":"has-post-thumbnail","6":"product_cat-vichy-soins-solaires-cremes-solaires","8":"first","9":"instock","10":"sale","11":"taxable","12":"shipping-taxable","13":"purchasable","14":"product-type-simple"},"_links":{"self":[{"href":"http:\/\/www.yespara.tn\/index.php?rest_route=\/wp\/v2\/product\/5115","targetHints":{"allow":["GET"]}}],"collection":[{"href":"http:\/\/www.yespara.tn\/index.php?rest_route=\/wp\/v2\/product"}],"about":[{"href":"http:\/\/www.yespara.tn\/index.php?rest_route=\/wp\/v2\/types\/product"}],"replies":[{"embeddable":true,"href":"http:\/\/www.yespara.tn\/index.php?rest_route=%2Fwp%2Fv2%2Fcomments&post=5115"}],"wp:featuredmedia":[{"embeddable":true,"href":"http:\/\/www.yespara.tn\/index.php?rest_route=\/wp\/v2\/media\/4713"}],"wp:attachment":[{"href":"http:\/\/www.yespara.tn\/index.php?rest_route=%2Fwp%2Fv2%2Fmedia&parent=5115"}],"wp:term":[{"taxonomy":"product_brand","embeddable":true,"href":"http:\/\/www.yespara.tn\/index.php?rest_route=%2Fwp%2Fv2%2Fproduct_brand&post=5115"},{"taxonomy":"product_cat","embeddable":true,"href":"http:\/\/www.yespara.tn\/index.php?rest_route=%2Fwp%2Fv2%2Fproduct_cat&post=5115"},{"taxonomy":"product_tag","embeddable":true,"href":"http:\/\/www.yespara.tn\/index.php?rest_route=%2Fwp%2Fv2%2Fproduct_tag&post=5115"}],"curies":[{"name":"wp","href":"https:\/\/api.w.org\/{rel}","templated":true}]}}