{"id":5114,"date":"2026-03-01T01:06:16","date_gmt":"2026-03-01T00:06:16","guid":{"rendered":"http:\/\/198.46.190.232\/mypara\/?product=la-roche-posay-anthelios-50gel-creme-toucher-sec-50ml"},"modified":"2026-03-01T01:06:16","modified_gmt":"2026-03-01T00:06:16","slug":"la-roche-posay-anthelios-50gel-creme-toucher-sec-50ml","status":"publish","type":"product","link":"http:\/\/www.yespara.tn\/?product=la-roche-posay-anthelios-50gel-creme-toucher-sec-50ml","title":{"rendered":"LA ROCHE POSAY ANTHELIOS 50+GEL CREME TOUCHER SEC  50ML"},"content":{"rendered":"","protected":false},"excerpt":{"rendered":"<p>\ud83d\udee1\ufe0f SPF 50+ \u00e0 large spectre \u2013 Anti-UVA\/UVB + anti-pollution + anti-oxydants \ud83d\udca7 Texture gel-cr\u00e8me l\u00e9g\u00e8re \u2013 Ne laisse pas de film gras ni de traces blanches \ud83d\udca8 Toucher sec imm\u00e9diat \u2013 Fini ultra mat longue dur\u00e9e \ud83c\udf31 Non com\u00e9dog\u00e8ne \u2013 Convient aux peaux sensibles &#038; grasses \ud83e\uddf4 R\u00e9sistant \u00e0 l\u2019eau, la sueur et au sable<\/p>\n","protected":false},"featured_media":4711,"comment_status":"open","ping_status":"closed","template":"","meta":[],"product_brand":[],"product_cat":[3337],"product_tag":[],"class_list":{"0":"post-5114","1":"product","2":"type-product","3":"status-publish","4":"has-post-thumbnail","6":"product_cat-la-roche-posay-soins-solaires-cremes-solaires","8":"first","9":"instock","10":"sale","11":"taxable","12":"shipping-taxable","13":"purchasable","14":"product-type-simple"},"_links":{"self":[{"href":"http:\/\/www.yespara.tn\/index.php?rest_route=\/wp\/v2\/product\/5114","targetHints":{"allow":["GET"]}}],"collection":[{"href":"http:\/\/www.yespara.tn\/index.php?rest_route=\/wp\/v2\/product"}],"about":[{"href":"http:\/\/www.yespara.tn\/index.php?rest_route=\/wp\/v2\/types\/product"}],"replies":[{"embeddable":true,"href":"http:\/\/www.yespara.tn\/index.php?rest_route=%2Fwp%2Fv2%2Fcomments&post=5114"}],"wp:featuredmedia":[{"embeddable":true,"href":"http:\/\/www.yespara.tn\/index.php?rest_route=\/wp\/v2\/media\/4711"}],"wp:attachment":[{"href":"http:\/\/www.yespara.tn\/index.php?rest_route=%2Fwp%2Fv2%2Fmedia&parent=5114"}],"wp:term":[{"taxonomy":"product_brand","embeddable":true,"href":"http:\/\/www.yespara.tn\/index.php?rest_route=%2Fwp%2Fv2%2Fproduct_brand&post=5114"},{"taxonomy":"product_cat","embeddable":true,"href":"http:\/\/www.yespara.tn\/index.php?rest_route=%2Fwp%2Fv2%2Fproduct_cat&post=5114"},{"taxonomy":"product_tag","embeddable":true,"href":"http:\/\/www.yespara.tn\/index.php?rest_route=%2Fwp%2Fv2%2Fproduct_tag&post=5114"}],"curies":[{"name":"wp","href":"https:\/\/api.w.org\/{rel}","templated":true}]}}