{"id":5111,"date":"2026-03-01T01:06:15","date_gmt":"2026-03-01T00:06:15","guid":{"rendered":"http:\/\/198.46.190.232\/mypara\/?product=svr-sun-secure-brume-spf50-200ml"},"modified":"2026-03-04T00:48:58","modified_gmt":"2026-03-03T23:48:58","slug":"svr-sun-secure-brume-spf50-200ml","status":"publish","type":"product","link":"http:\/\/www.yespara.tn\/?product=svr-sun-secure-brume-spf50-200ml","title":{"rendered":"SVR SUN SECURE BRUME SPF50+ 200ML"},"content":{"rendered":"","protected":false},"excerpt":{"rendered":"<p>\ud83d\udee1\ufe0f SPF50+ \u2013 Tr\u00e8s haute protection \u00e0 large spectre \ud83d\udca8 Brume fine &#038; transparente \u2013 Application rapide et sans mains \ud83c\udf2c\ufe0f Texture s\u00e8che au toucher \u2013 Fini invisible, non gras \ud83c\udf3f Convient aux peaux sensibles, m\u00eame intol\u00e9rantes au soleil \ud83d\udca6 Tr\u00e8s r\u00e9sistante \u00e0 l\u2019eau, \u00e0 la transpiration et aux frottements<\/p>\n","protected":false},"featured_media":4699,"comment_status":"open","ping_status":"closed","template":"","meta":[],"product_brand":[],"product_cat":[3334],"product_tag":[],"class_list":{"0":"post-5111","1":"product","2":"type-product","3":"status-publish","4":"has-post-thumbnail","6":"product_cat-svr-spray-solaires-et-autobronzant","8":"first","9":"outofstock","10":"sale","11":"taxable","12":"shipping-taxable","13":"purchasable","14":"product-type-simple"},"_links":{"self":[{"href":"http:\/\/www.yespara.tn\/index.php?rest_route=\/wp\/v2\/product\/5111","targetHints":{"allow":["GET"]}}],"collection":[{"href":"http:\/\/www.yespara.tn\/index.php?rest_route=\/wp\/v2\/product"}],"about":[{"href":"http:\/\/www.yespara.tn\/index.php?rest_route=\/wp\/v2\/types\/product"}],"replies":[{"embeddable":true,"href":"http:\/\/www.yespara.tn\/index.php?rest_route=%2Fwp%2Fv2%2Fcomments&post=5111"}],"wp:featuredmedia":[{"embeddable":true,"href":"http:\/\/www.yespara.tn\/index.php?rest_route=\/wp\/v2\/media\/4699"}],"wp:attachment":[{"href":"http:\/\/www.yespara.tn\/index.php?rest_route=%2Fwp%2Fv2%2Fmedia&parent=5111"}],"wp:term":[{"taxonomy":"product_brand","embeddable":true,"href":"http:\/\/www.yespara.tn\/index.php?rest_route=%2Fwp%2Fv2%2Fproduct_brand&post=5111"},{"taxonomy":"product_cat","embeddable":true,"href":"http:\/\/www.yespara.tn\/index.php?rest_route=%2Fwp%2Fv2%2Fproduct_cat&post=5111"},{"taxonomy":"product_tag","embeddable":true,"href":"http:\/\/www.yespara.tn\/index.php?rest_route=%2Fwp%2Fv2%2Fproduct_tag&post=5111"}],"curies":[{"name":"wp","href":"https:\/\/api.w.org\/{rel}","templated":true}]}}