{"id":5108,"date":"2026-03-01T01:06:13","date_gmt":"2026-03-01T00:06:13","guid":{"rendered":"http:\/\/198.46.190.232\/mypara\/?product=proderma-capiliss-ecran-cheveux-spf-50-200ml"},"modified":"2026-04-03T11:02:22","modified_gmt":"2026-04-03T10:02:22","slug":"proderma-capiliss-ecran-cheveux-spf-50-200ml","status":"publish","type":"product","link":"http:\/\/www.yespara.tn\/?product=proderma-capiliss-ecran-cheveux-spf-50-200ml","title":{"rendered":"PRODERMA CAPILISS ECRAN CHEVEUX SPF 50+ 200ML"},"content":{"rendered":"","protected":false},"excerpt":{"rendered":"<p>\ud83d\udee1\ufe0f Protection solaire SPF 50+ contre les UVA &#038; UVB \ud83d\udc99 Bouclier contre la lumi\u00e8re bleue &#038; les rayons infrarouges (IR) \ud83d\udca7 Hydratation intense pour \u00e9viter s\u00e9cheresse &#038; cassure \ud83c\udf3f Formule l\u00e9g\u00e8re, non grasse, sans effet collant \ud83d\udca6 R\u00e9sistant \u00e0 l\u2019eau pour une protection longue dur\u00e9e \u2728 Prot\u00e8ge la couleur et pr\u00e9vient la d\u00e9coloration \ud83c\udf08 Convient \u00e0 tous types de cheveux, m\u00eame fragiles ou color\u00e9s<\/p>\n","protected":false},"featured_media":4691,"comment_status":"open","ping_status":"closed","template":"","meta":[],"product_brand":[],"product_cat":[3332],"product_tag":[],"class_list":{"0":"post-5108","1":"product","2":"type-product","3":"status-publish","4":"has-post-thumbnail","6":"product_cat-proderma-spray-solaires-et-autobronzant","8":"first","9":"outofstock","10":"sale","11":"taxable","12":"shipping-taxable","13":"purchasable","14":"product-type-simple"},"_links":{"self":[{"href":"http:\/\/www.yespara.tn\/index.php?rest_route=\/wp\/v2\/product\/5108","targetHints":{"allow":["GET"]}}],"collection":[{"href":"http:\/\/www.yespara.tn\/index.php?rest_route=\/wp\/v2\/product"}],"about":[{"href":"http:\/\/www.yespara.tn\/index.php?rest_route=\/wp\/v2\/types\/product"}],"replies":[{"embeddable":true,"href":"http:\/\/www.yespara.tn\/index.php?rest_route=%2Fwp%2Fv2%2Fcomments&post=5108"}],"wp:featuredmedia":[{"embeddable":true,"href":"http:\/\/www.yespara.tn\/index.php?rest_route=\/wp\/v2\/media\/4691"}],"wp:attachment":[{"href":"http:\/\/www.yespara.tn\/index.php?rest_route=%2Fwp%2Fv2%2Fmedia&parent=5108"}],"wp:term":[{"taxonomy":"product_brand","embeddable":true,"href":"http:\/\/www.yespara.tn\/index.php?rest_route=%2Fwp%2Fv2%2Fproduct_brand&post=5108"},{"taxonomy":"product_cat","embeddable":true,"href":"http:\/\/www.yespara.tn\/index.php?rest_route=%2Fwp%2Fv2%2Fproduct_cat&post=5108"},{"taxonomy":"product_tag","embeddable":true,"href":"http:\/\/www.yespara.tn\/index.php?rest_route=%2Fwp%2Fv2%2Fproduct_tag&post=5108"}],"curies":[{"name":"wp","href":"https:\/\/api.w.org\/{rel}","templated":true}]}}