{"id":5106,"date":"2026-03-01T01:06:13","date_gmt":"2026-03-01T00:06:13","guid":{"rendered":"http:\/\/198.46.190.232\/mypara\/?product=uriage-bariesun-creme-solaire-teintee-doree-spf50-50ml"},"modified":"2026-03-01T01:06:13","modified_gmt":"2026-03-01T00:06:13","slug":"uriage-bariesun-creme-solaire-teintee-doree-spf50-50ml","status":"publish","type":"product","link":"http:\/\/www.yespara.tn\/?product=uriage-bariesun-creme-solaire-teintee-doree-spf50-50ml","title":{"rendered":"URIAGE BARIESUN CREME SOLAIRE TEINTEE DOREE SPF50+ 50ML"},"content":{"rendered":"","protected":false},"excerpt":{"rendered":"<p>Tr\u00e8s haute protection SPF50+ contre les UVA, UVB et la lumi\u00e8re bleue. Teinte dor\u00e9e naturelle qui unifie le teint et illumine la peau. Prot\u00e8ge contre le vieillissement cutan\u00e9 et les dommages cellulaires li\u00e9s au soleil. Texture soyeuse , fondante et non collante, id\u00e9ale au quotidien. Convient aux peaux sensibles , m\u00eame r\u00e9actives. R\u00e9sistante \u00e0 l\u2019eau , \u00e0 la transpiration et \u00e0 la pollution. Fini naturel, matifiant et confortable, sans effet masque.<\/p>\n","protected":false},"featured_media":4687,"comment_status":"open","ping_status":"closed","template":"","meta":[],"product_brand":[],"product_cat":[3330],"product_tag":[],"class_list":{"0":"post-5106","1":"product","2":"type-product","3":"status-publish","4":"has-post-thumbnail","6":"product_cat-uriage-soins-solaires-cremes-solaires","8":"first","9":"instock","10":"sale","11":"taxable","12":"shipping-taxable","13":"purchasable","14":"product-type-simple"},"_links":{"self":[{"href":"http:\/\/www.yespara.tn\/index.php?rest_route=\/wp\/v2\/product\/5106","targetHints":{"allow":["GET"]}}],"collection":[{"href":"http:\/\/www.yespara.tn\/index.php?rest_route=\/wp\/v2\/product"}],"about":[{"href":"http:\/\/www.yespara.tn\/index.php?rest_route=\/wp\/v2\/types\/product"}],"replies":[{"embeddable":true,"href":"http:\/\/www.yespara.tn\/index.php?rest_route=%2Fwp%2Fv2%2Fcomments&post=5106"}],"wp:featuredmedia":[{"embeddable":true,"href":"http:\/\/www.yespara.tn\/index.php?rest_route=\/wp\/v2\/media\/4687"}],"wp:attachment":[{"href":"http:\/\/www.yespara.tn\/index.php?rest_route=%2Fwp%2Fv2%2Fmedia&parent=5106"}],"wp:term":[{"taxonomy":"product_brand","embeddable":true,"href":"http:\/\/www.yespara.tn\/index.php?rest_route=%2Fwp%2Fv2%2Fproduct_brand&post=5106"},{"taxonomy":"product_cat","embeddable":true,"href":"http:\/\/www.yespara.tn\/index.php?rest_route=%2Fwp%2Fv2%2Fproduct_cat&post=5106"},{"taxonomy":"product_tag","embeddable":true,"href":"http:\/\/www.yespara.tn\/index.php?rest_route=%2Fwp%2Fv2%2Fproduct_tag&post=5106"}],"curies":[{"name":"wp","href":"https:\/\/api.w.org\/{rel}","templated":true}]}}